{"id":3013,"date":"2024-04-04T12:49:15","date_gmt":"2024-04-04T15:49:15","guid":{"rendered":"https:\/\/float-med.com\/?page_id=3013"},"modified":"2024-10-16T15:42:58","modified_gmt":"2024-10-16T18:42:58","slug":"agenda","status":"publish","type":"page","link":"https:\/\/float-med.com\/fr\/lordre-du-jour\/","title":{"rendered":"Ordre du jour"},"content":{"rendered":"<div data-elementor-type=\"wp-page\" data-elementor-id=\"3013\" class=\"elementor elementor-3013\" data-elementor-post-type=\"page\">\n\t\t\t\t\t\t<section class=\"elementor-section elementor-top-section elementor-element elementor-element-357503f elementor-section-stretched elementor-section-boxed elementor-section-height-default elementor-section-height-default\" data-id=\"357503f\" data-element_type=\"section\" data-settings=\"{&quot;stretch_section&quot;:&quot;section-stretched&quot;,&quot;background_background&quot;:&quot;classic&quot;,&quot;shape_divider_bottom&quot;:&quot;waves&quot;,&quot;shape_divider_bottom_negative&quot;:&quot;yes&quot;,&quot;grandconference_ext_is_background_parallax&quot;:&quot;false&quot;,&quot;grandconference_ext_is_background_backdrop&quot;:&quot;false&quot;,&quot;grandconference_ext_is_background_on_scroll&quot;:&quot;false&quot;}\">\n\t\t\t\t\t<div class=\"elementor-shape elementor-shape-bottom\" data-negative=\"true\">\n\t\t\t<svg xmlns=\"http:\/\/www.w3.org\/2000\/svg\" viewbox=\"0 0 1000 100\" preserveaspectratio=\"none\">\n\t<path class=\"elementor-shape-fill\" d=\"M790.5,93.1c-59.3-5.3-116.8-18-192.6-50c-29.6-12.7-76.9-31-100.5-35.9c-23.6-4.9-52.6-7.8-75.5-5.3\tc-10.2,1.1-22.6,1.4-50.1,7.4c-27.2,6.3-58.2,16.6-79.4,24.7c-41.3,15.9-94.9,21.9-134,22.6C72,58.2,0,25.8,0,25.8V100h1000V65.3\tc0,0-51.5,19.4-106.2,25.7C839.5,97,814.1,95.2,790.5,93.1z\"\/>\n<\/svg>\t\t<\/div>\n\t\t\t\t\t<div class=\"elementor-container elementor-column-gap-default\">\n\t\t\t\t\t<div class=\"elementor-column elementor-col-100 elementor-top-column elementor-element elementor-element-a86e80d\" data-id=\"a86e80d\" data-element_type=\"column\" data-settings=\"{&quot;grandconference_ext_link_sidemenu&quot;:&quot;false&quot;,&quot;grandconference_ext_link_fullmenu&quot;:&quot;false&quot;,&quot;grandconference_ext_link_closed_fullmenu&quot;:&quot;false&quot;,&quot;grandconference_ext_is_sticky&quot;:&quot;false&quot;,&quot;grandconference_ext_is_scrollme&quot;:&quot;false&quot;,&quot;grandconference_ext_is_smoove&quot;:&quot;false&quot;,&quot;grandconference_ext_is_parallax_mouse&quot;:&quot;false&quot;,&quot;grandconference_ext_is_infinite&quot;:&quot;false&quot;,&quot;grandconference_ext_is_fadeout_animation&quot;:&quot;false&quot;,&quot;grandconference_ext_mobile_static&quot;:&quot;false&quot;}\">\n\t\t\t<div class=\"elementor-widget-wrap elementor-element-populated\">\n\t\t\t\t\t\t<div class=\"elementor-element elementor-element-1e27eca elementor-widget elementor-widget-heading\" data-id=\"1e27eca\" data-element_type=\"widget\" data-settings=\"{&quot;grandconference_ext_link_sidemenu&quot;:&quot;false&quot;,&quot;grandconference_ext_link_fullmenu&quot;:&quot;false&quot;,&quot;grandconference_ext_link_closed_fullmenu&quot;:&quot;false&quot;,&quot;grandconference_ext_is_sticky&quot;:&quot;false&quot;,&quot;grandconference_ext_is_scrollme&quot;:&quot;false&quot;,&quot;grandconference_ext_is_smoove&quot;:&quot;false&quot;,&quot;grandconference_ext_is_parallax_mouse&quot;:&quot;false&quot;,&quot;grandconference_ext_is_infinite&quot;:&quot;false&quot;,&quot;grandconference_ext_is_fadeout_animation&quot;:&quot;false&quot;,&quot;grandconference_ext_mobile_static&quot;:&quot;false&quot;}\" data-widget_type=\"heading.default\">\n\t\t\t\t<div class=\"elementor-widget-container\">\n\t\t\t<h1 class=\"elementor-heading-title elementor-size-default\">Ordre du jour<\/h1>\t\t<\/div>\n\t\t\t\t<\/div>\n\t\t\t\t\t<\/div>\n\t\t<\/div>\n\t\t\t\t\t<\/div>\n\t\t<\/section>\n\t\t\t\t<section class=\"elementor-section elementor-top-section elementor-element elementor-element-577d976 elementor-section-full_width elementor-section-height-default elementor-section-height-default\" data-id=\"577d976\" data-element_type=\"section\" data-settings=\"{&quot;grandconference_ext_is_background_parallax&quot;:&quot;false&quot;,&quot;grandconference_ext_is_background_backdrop&quot;:&quot;false&quot;,&quot;grandconference_ext_is_background_on_scroll&quot;:&quot;false&quot;}\">\n\t\t\t\t\t\t<div class=\"elementor-container elementor-column-gap-default\">\n\t\t\t\t\t<div class=\"elementor-column elementor-col-100 elementor-top-column elementor-element elementor-element-73d6657\" data-id=\"73d6657\" data-element_type=\"column\" data-settings=\"{&quot;grandconference_ext_link_sidemenu&quot;:&quot;false&quot;,&quot;grandconference_ext_link_fullmenu&quot;:&quot;false&quot;,&quot;grandconference_ext_link_closed_fullmenu&quot;:&quot;false&quot;,&quot;grandconference_ext_is_sticky&quot;:&quot;false&quot;,&quot;grandconference_ext_is_scrollme&quot;:&quot;false&quot;,&quot;grandconference_ext_is_smoove&quot;:&quot;false&quot;,&quot;grandconference_ext_is_parallax_mouse&quot;:&quot;false&quot;,&quot;grandconference_ext_is_infinite&quot;:&quot;false&quot;,&quot;grandconference_ext_is_fadeout_animation&quot;:&quot;false&quot;,&quot;grandconference_ext_mobile_static&quot;:&quot;false&quot;}\">\n\t\t\t<div class=\"elementor-widget-wrap elementor-element-populated\">\n\t\t\t\t\t\t<div class=\"elementor-element elementor-element-40789ef elementor-widget elementor-widget-text-editor\" data-id=\"40789ef\" data-element_type=\"widget\" data-settings=\"{&quot;grandconference_ext_link_sidemenu&quot;:&quot;false&quot;,&quot;grandconference_ext_link_fullmenu&quot;:&quot;false&quot;,&quot;grandconference_ext_link_closed_fullmenu&quot;:&quot;false&quot;,&quot;grandconference_ext_is_sticky&quot;:&quot;false&quot;,&quot;grandconference_ext_is_scrollme&quot;:&quot;false&quot;,&quot;grandconference_ext_is_smoove&quot;:&quot;false&quot;,&quot;grandconference_ext_is_parallax_mouse&quot;:&quot;false&quot;,&quot;grandconference_ext_is_infinite&quot;:&quot;false&quot;,&quot;grandconference_ext_is_fadeout_animation&quot;:&quot;false&quot;,&quot;grandconference_ext_mobile_static&quot;:&quot;false&quot;}\" data-widget_type=\"text-editor.default\">\n\t\t\t\t<div class=\"elementor-widget-container\">\n\t\t\t\t\t\t\t<h2>Jour 1 - Lundi 21 octobre 2024<\/h2>\n<div class=\"table-responsive\">\n<table class=\"table\">\n<tbody>\n<tr class=\"block-heading\">\n<td class=\"col-12\"><strong>12:00 - 18:00<\/strong><\/td>\n<td class=\"col-12\"><\/td>\n<td class=\"col-76\" colspan=\"5\"><strong>Inscription<\/strong> (\u00e0 l'ext\u00e9rieur de la Sala Europa)<\/td>\n<\/tr>\n<\/tbody>\n<\/table>\n<table class=\"table\">\n<tbody>\n<tr class=\"block-heading\">\n<td class=\"col-12\"><strong>14:00 - 15:30<\/strong><\/td>\n<td class=\"col-12\"><\/td>\n<td class=\"col-19\" colspan=\"3\"><strong><em>Session I.<\/em><\/strong> <strong>Les ambitions des pays m\u00e9diterran\u00e9ens - Keynote<\/strong> <em>\u00c9tat d'avancement et strat\u00e9gies en vue de l'obtention d'un permis<\/em><\/td>\n<\/tr>\n<tr class=\"table-heading\">\n<td class=\"col-12\"><\/td>\n<td class=\"col-12\"><strong>Mod\u00e9rateur<\/strong><\/td>\n<td class=\"col-25-4\"><strong>Erik Rijkers<\/strong><\/td>\n<td class=\"col-25-4\"><strong>Davide Astiaso Garcia<\/strong><\/td>\n<td class=\"col-25-4\"><strong>Saverio Ventrelli<\/strong><\/td>\n<\/tr>\n<tr>\n<td class=\"col-12\"><\/td>\n<td class=\"col-12\"><\/td>\n<td class=\"col-25-4\"><a href=\"https:\/\/float-med.com\/fr\/speaker\/erik-rijkers\/\"><img decoding=\"async\" src=\"\/wp-content\/uploads\/2024\/10\/headshot-2.png\" alt=\"Erik Rijkers\" width=\"100\" height=\"80\" \/><\/a><\/td>\n<td class=\"col-25-4\"><a href=\"https:\/\/float-med.com\/fr\/speaker\/davide-astiaso-garcia\/\"><img decoding=\"async\" src=\"\/wp-content\/uploads\/2024\/10\/headshot-3.png\" alt=\"Davide Astiaso Garcia\" width=\"100\" height=\"80\" \/><\/a><\/td>\n<td class=\"col-25-4\"><a><img decoding=\"async\" src=\"\/wp-content\/uploads\/2024\/10\/headshot-31.png\" alt=\"Saverio Ventrelli\" width=\"100\" height=\"80\" \/><\/a><\/td>\n<\/tr>\n<tr class=\"block-heading\">\n<td class=\"col-12\"><strong>15:30 - 16:15<\/strong><\/td>\n<td class=\"col-12\"><\/td>\n<td class=\"col-19\" colspan=\"4\"><strong>CAF\u00c9 ET R\u00c9SEAUTAGE<\/strong> (Jardin)<\/td>\n<\/tr>\n<\/tbody>\n<\/table>\n<table class=\"table\">\n<tbody>\n<tr class=\"block-heading\">\n<td class=\"col-12\"><strong>16:15 - 18:35<\/strong><\/td>\n<td class=\"col-12\"><\/td>\n<td class=\"col-15-2\" colspan=\"5\"><strong><em>Session II.<\/em><\/strong> <strong>Derni\u00e8res nouvelles des d\u00e9veloppeurs<\/strong> <em>D\u00e9bat d'experts : Plans et ambitions. Comment les concr\u00e9tiser ?<\/em><\/td>\n<\/tr>\n<tr class=\"table-heading\">\n<td class=\"col-12\"><\/td>\n<td class=\"col-12\"><strong>Mod\u00e9rateur<\/strong><\/td>\n<td class=\"col-15-2\"><strong>Michele Scoppio<\/strong><\/td>\n<td class=\"col-15-2\"><strong>Walid Al Otaibi<\/strong><\/td>\n<td class=\"col-15-2\"><strong>Paolo Formica<\/strong><\/td>\n<td class=\"col-15-2\"><strong>Cosimo Palmisano<\/strong><\/td>\n<td class=\"col-15-2\"><strong>Gunhild Myhr<\/strong><\/td>\n<\/tr>\n<tr>\n<td class=\"col-12\"><\/td>\n<td class=\"col-12\"><\/td>\n<td class=\"col-15-2\"><a href=\"https:\/\/float-med.com\/fr\/speaker\/michele-scoppio\/\"><img loading=\"lazy\" decoding=\"async\" src=\"\/wp-content\/uploads\/2024\/10\/headshot-4.png\" alt=\"Michele Scoppio\" width=\"100\" height=\"100\" \/><\/a><\/td>\n<td class=\"col-15-2\"><a><img loading=\"lazy\" decoding=\"async\" src=\"\/wp-content\/uploads\/2024\/10\/headshot-30.png\" alt=\"Walid Al Otaibi\" width=\"100\" height=\"100\" \/><\/a><\/td>\n<td class=\"col-15-2\"><a><img loading=\"lazy\" alt=\"Paolo Formica\" width=\"100\" height=\"100\" \/><\/a><\/td>\n<td class=\"col-15-2\"><a href=\"https:\/\/float-med.com\/fr\/speaker\/cosimo-palmisano\/\"><img loading=\"lazy\" decoding=\"async\" src=\"\/wp-content\/uploads\/2024\/10\/headshot-23.png\" alt=\"Cosimo Palmisano\" width=\"100\" height=\"100\" \/><\/a><\/td>\n<td class=\"col-15-2\"><a href=\"https:\/\/float-med.com\/fr\/speaker\/gunhild-myhr\/\"><img loading=\"lazy\" decoding=\"async\" src=\"\/wp-content\/uploads\/2024\/10\/headshot-27.png\" alt=\"Gunhild Myhr\" width=\"100\" height=\"100\" \/><\/a><\/td>\n<\/tr>\n<tr class=\"block-heading\">\n<td class=\"col-12\"><strong>18:35 - 20:00<\/strong><\/td>\n<td class=\"col-12\"><\/td>\n<td class=\"col-19\" colspan=\"5\"><strong>DINER<\/strong> (Jardin)<\/td>\n<\/tr>\n<\/tbody>\n<\/table>\n<\/div>\n<h2>Jour 2 - Mardi 22 octobre 2024<\/h2>\n<div class=\"table-responsive\">\n<table class=\"table\">\n<tbody>\n<tr class=\"block-heading\">\n<td class=\"col-12\"><strong>8:30 - 18:00<\/strong><\/td>\n<td class=\"col-12\"><\/td>\n<td class=\"col-15-2\" colspan=\"5\"><strong>Inscription<\/strong> (\u00e0 l'ext\u00e9rieur de la Sala Europa)<\/td>\n<\/tr>\n<tr class=\"block-heading\">\n<td class=\"col-12\"><strong>9:00 - 11:30<\/strong><\/td>\n<td class=\"col-12\"><\/td>\n<td class=\"col-15-2\" colspan=\"5\"><strong><em>Session III.<\/em><\/strong> <strong>Technologie flottante dans l'\u00e9olien et le solaire<\/strong><\/td>\n<\/tr>\n<tr class=\"table-heading\">\n<td class=\"col-12\"><\/td>\n<td class=\"col-12\"><strong>Mod\u00e9rateur<\/strong><\/td>\n<td class=\"col-15-2\"><strong>Immanuel Capano<\/strong><\/td>\n<td class=\"col-15-2\"><strong>Javier Berenguer<\/strong><\/td>\n<td class=\"col-15-2\"><strong>Alberto Pena Sicilia<\/strong><\/td>\n<td class=\"col-15-2\"><strong>Jack Phillips<\/strong><\/td>\n<td class=\"col-15-2\"><strong>Knut H\u00f8iland<\/strong><\/td>\n<\/tr>\n<tr>\n<td class=\"col-12\"><\/td>\n<td class=\"col-12\"><\/td>\n<td class=\"col-15-2\"><a href=\"https:\/\/float-med.com\/fr\/speaker\/immanuel-capano\/\"><img loading=\"lazy\" decoding=\"async\" src=\"\/wp-content\/uploads\/2024\/10\/headshot-5.png\" alt=\"Immanuel Capano\" width=\"100\" height=\"100\" \/><\/a><\/td>\n<td class=\"col-15-2\"><a href=\"https:\/\/float-med.com\/fr\/speaker\/javier-berenguer-cobian\/\"><img loading=\"lazy\" decoding=\"async\" src=\"\/wp-content\/uploads\/2024\/10\/headshot-9.png\" alt=\"Javier Berenguer\" width=\"100\" height=\"100\" \/><\/a><\/td>\n<td class=\"col-15-2\"><a href=\"https:\/\/float-med.com\/fr\/speaker\/alberto-pena-sicilia\/\"><img loading=\"lazy\" decoding=\"async\" src=\"\/wp-content\/uploads\/2024\/10\/headshot-7.png\" alt=\"Alberto Pena Sicilia\" width=\"100\" height=\"100\" \/><\/a><\/td>\n<td class=\"col-15-2\"><a href=\"https:\/\/float-med.com\/fr\/speaker\/jack-phillips\/\"><img loading=\"lazy\" decoding=\"async\" src=\"\/wp-content\/uploads\/2024\/10\/headshot-8.png\" alt=\"Jack Phillips\" width=\"100\" height=\"100\" \/><\/a><\/td>\n<td class=\"col-15-2\"><a href=\"https:\/\/float-med.com\/fr\/speaker\/knut-hoiland\/\"><img loading=\"lazy\" decoding=\"async\" src=\"\/wp-content\/uploads\/2024\/10\/headshot-6.png\" alt=\"Knut H\u00f8iland\" width=\"100\" height=\"100\" \/><\/a><\/td>\n<\/tr>\n<\/tbody>\n<\/table>\n<table class=\"table\">\n<tbody>\n<tr class=\"block-heading\">\n<td class=\"col-12\"><strong>11:30 - 12:00<\/strong><\/td>\n<td class=\"col-12\"><\/td>\n<td class=\"col-19\" colspan=\"4\"><strong>CAF\u00c9 ET R\u00c9SEAUTAGE<\/strong> (Jardin)<\/td>\n<\/tr>\n<tr class=\"block-heading\">\n<td class=\"col-12\"><strong>12:00 - 14:00<\/strong><\/td>\n<td class=\"col-12\"><\/td>\n<td class=\"col-19\" colspan=\"4\"><strong><em>Session IV.<\/em><\/strong> <strong>Universit\u00e9s, centres de recherche, soci\u00e9t\u00e9 civile : Contribution \u00e0 l'industrie de l'offshore flottant<\/strong><\/td>\n<\/tr>\n<tr class=\"table-heading\">\n<td class=\"col-12\"><\/td>\n<td class=\"col-12\"><strong>Mod\u00e9rateur<\/strong><\/td>\n<td class=\"col-19\"><strong>Frank Emil Moen<\/strong><\/td>\n<td class=\"col-19\"><strong>Francesco Cupertino<\/strong><\/td>\n<td class=\"col-19\"><strong>Nick House<\/strong><\/td>\n<td class=\"col-19\"><strong>Sergio Camporeale<\/strong><\/td>\n<\/tr>\n<tr>\n<td class=\"col-12\"><\/td>\n<td class=\"col-12\"><\/td>\n<td class=\"col-19\"><a href=\"https:\/\/float-med.com\/fr\/speaker\/frank-emil-moen\/\"><img loading=\"lazy\" decoding=\"async\" src=\"\/wp-content\/uploads\/2024\/10\/headshot-10.png\" alt=\"Frank Emil Moen\" width=\"100\" height=\"100\" \/><\/a><\/td>\n<td class=\"col-19\"><a href=\"https:\/\/float-med.com\/fr\/speaker\/francesco-cupertino\/\"><img loading=\"lazy\" decoding=\"async\" src=\"\/wp-content\/uploads\/2024\/10\/headshot-11.png\" alt=\"Francesco Cupertino\" width=\"100\" height=\"100\" \/><\/a><\/td>\n<td class=\"col-19\"><a><img loading=\"lazy\" decoding=\"async\" src=\"\/wp-content\/uploads\/2024\/10\/headshot-29.png\" alt=\"Nick House\" width=\"100\" height=\"100\" \/><\/a><\/td>\n<td class=\"col-19\"><a href=\"https:\/\/float-med.com\/fr\/speaker\/sergio-camporeale\/\"><img loading=\"lazy\" decoding=\"async\" src=\"\/wp-content\/uploads\/2024\/10\/headshot-24.png\" alt=\"Sergio Camporeale\" width=\"100\" height=\"100\" \/><\/a><\/td>\n<\/tr>\n<tr class=\"block-heading\">\n<td class=\"col-12\"><strong>14:00 - 15:30<\/strong><\/td>\n<td class=\"col-12\"><\/td>\n<td class=\"col-19\" colspan=\"4\"><strong>D\u00c9JEUNER<\/strong> (Jardin)<\/td>\n<\/tr>\n<tr class=\"block-heading\">\n<td class=\"col-12\"><strong>15:30 - 16:15<\/strong><\/td>\n<td class=\"col-12\"><\/td>\n<td class=\"col-19\" colspan=\"4\"><strong><em>Session V.<\/em><\/strong> <strong>R\u00c9SEAUTAGE<\/strong><\/td>\n<\/tr>\n<tr class=\"block-heading\">\n<td class=\"col-12\"><strong>16:15 - 18:15<\/strong><\/td>\n<td class=\"col-12\"><\/td>\n<td class=\"col-19\" colspan=\"4\"><strong><em>Session VI.<\/em><\/strong> <strong>Navires et ports<\/strong><\/td>\n<\/tr>\n<tr class=\"table-heading\">\n<td class=\"col-12\"><\/td>\n<td class=\"col-12\"><strong>Mod\u00e9rateur<\/strong><\/td>\n<td class=\"col-19\"><strong>Guillaume Bonnesoeur<\/strong><\/td>\n<td class=\"col-19\"><strong>Sergio Prete<\/strong><\/td>\n<td class=\"col-19\"><strong>Asbj\u00f8rn Wathne<\/strong><\/td>\n<td class=\"col-19\"><strong>Simone Bertolucci<\/strong><\/td>\n<\/tr>\n<tr>\n<td class=\"col-12\"><\/td>\n<td class=\"col-12\"><\/td>\n<td class=\"col-19\"><a href=\"https:\/\/float-med.com\/fr\/speaker\/guillaume-bonnesoeur\/\"><img loading=\"lazy\" decoding=\"async\" src=\"\/wp-content\/uploads\/2024\/10\/headshot-25.png\" alt=\"Guillaume Bonnesoeur\" width=\"100\" height=\"100\" \/><\/a><\/td>\n<td class=\"col-19\"><a><img loading=\"lazy\" alt=\"Sergio Prete\" width=\"100\" height=\"100\" \/><\/a><\/td>\n<td class=\"col-19\"><a><img loading=\"lazy\" alt=\"Asbj\u00f8rn Wathne\" width=\"100\" height=\"100\" \/><\/a><\/td>\n<td class=\"col-19\"><a><img loading=\"lazy\" decoding=\"async\" src=\"\/wp-content\/uploads\/2024\/10\/headshot-26.png\" alt=\"Simone Bertolucci\" width=\"100\" height=\"100\" \/><\/a><\/td>\n<\/tr>\n<tr class=\"block-heading\">\n<td class=\"col-12\"><strong>18:15 - 20:00<\/strong><\/td>\n<td class=\"col-12\"><\/td>\n<td class=\"col-19\" colspan=\"4\"><strong>DINER<\/strong> (Jardin)<\/td>\n<\/tr>\n<\/tbody>\n<\/table>\n<\/div>\n<h2>Jour 3 - Mercredi 23 octobre 2024<\/h2>\n<div class=\"table-responsive\">\n<table class=\"table\">\n<tbody>\n<tr class=\"block-heading\">\n<td class=\"col-12\"><strong>8:30 - 18:00<\/strong><\/td>\n<td class=\"col-12\"><\/td>\n<td class=\"col-19\" colspan=\"4\"><strong>Inscription<\/strong> (\u00e0 l'ext\u00e9rieur de la Sala Europa)<\/td>\n<\/tr>\n<tr class=\"block-heading\">\n<td class=\"col-12\"><strong>9:00 - 11:15<\/strong><\/td>\n<td class=\"col-12\"><\/td>\n<td class=\"col-19\" colspan=\"4\"><strong><em>Session VII.<\/em><\/strong> <strong>Pleins feux sur les EPCI<\/strong><\/td>\n<\/tr>\n<tr class=\"table-heading\">\n<td class=\"col-12\"><\/td>\n<td class=\"col-12\"><strong>Mod\u00e9rateur<\/strong><\/td>\n<td class=\"col-19\"><strong>Alessandro Viviani<\/strong><\/td>\n<td class=\"col-19\"><strong>Fabio Trincardi<\/strong><\/td>\n<td class=\"col-19\"><strong>Josh Hudson<\/strong><\/td>\n<td class=\"col-19\"><strong>Wim Lekens<\/strong><\/td>\n<\/tr>\n<tr>\n<td class=\"col-12\"><\/td>\n<td class=\"col-12\"><\/td>\n<td class=\"col-19\"><a href=\"https:\/\/float-med.com\/fr\/speaker\/alessandro-viviani\/\"><img loading=\"lazy\" decoding=\"async\" src=\"\/wp-content\/uploads\/2024\/10\/headshot-14.png\" alt=\"Alessandro Viviani\" width=\"100\" height=\"100\" \/><\/a><\/td>\n<td class=\"col-19\"><a href=\"https:\/\/float-med.com\/fr\/speaker\/fabio-trincardi\/\"><img loading=\"lazy\" decoding=\"async\" src=\"\/wp-content\/uploads\/2024\/10\/headshot-13.png\" alt=\"Fabio Trincardi\" width=\"100\" height=\"100\" \/><\/a><\/td>\n<td class=\"col-19\"><a href=\"https:\/\/float-med.com\/fr\/speaker\/joshua-hudson\/\"><img loading=\"lazy\" decoding=\"async\" src=\"\/wp-content\/uploads\/2024\/10\/headshot-15.png\" alt=\"Josh Hudson\" width=\"100\" height=\"100\" \/><\/a><\/td>\n<td class=\"col-19\"><a href=\"https:\/\/float-med.com\/fr\/speaker\/wim-lekens\/\"><img loading=\"lazy\" decoding=\"async\" src=\"\/wp-content\/uploads\/2024\/10\/headshot-16.png\" alt=\"Wim Lekens\" width=\"100\" height=\"100\" \/><\/a><\/td>\n<\/tr>\n<tr class=\"block-heading\">\n<td class=\"col-12\"><strong>11:15 - 12:00<\/strong><\/td>\n<td class=\"col-12\"><\/td>\n<td class=\"col-19\" colspan=\"4\"><strong>CAF\u00c9 ET R\u00c9SEAUTAGE<\/strong> (Jardin)<\/td>\n<\/tr>\n<tr class=\"block-heading\">\n<td class=\"col-12\"><strong>12:00 - 14:00<\/strong><\/td>\n<td class=\"col-12\"><\/td>\n<td class=\"col-19\" colspan=\"4\"><strong><em>Session VIII.<\/em><\/strong> <strong>Finance, assurance, contrats : Risque et bancabilit\u00e9 pour les projets flottants<\/strong><\/td>\n<\/tr>\n<tr class=\"table-heading\">\n<td class=\"col-12\"><\/td>\n<td class=\"col-12\"><\/td>\n<td class=\"col-19\"><strong>Eugenio Tranchino<\/strong><\/td>\n<td class=\"col-19\"><strong>Bruno Geschier<\/strong><\/td>\n<td class=\"col-19\"><strong>Thomas Marty<\/strong><\/td>\n<td class=\"col-19\"><strong>Paolo Nicora<\/strong><\/td>\n<\/tr>\n<tr>\n<td class=\"col-12\"><\/td>\n<td class=\"col-12\"><\/td>\n<td class=\"col-19\"><a href=\"https:\/\/float-med.com\/fr\/speaker\/eugenio-tranchino\/\"><img loading=\"lazy\" decoding=\"async\" src=\"\/wp-content\/uploads\/2024\/10\/headshot-17.png\" alt=\"Eugenio Tranchino\" width=\"100\" height=\"100\" \/><\/a><\/td>\n<td class=\"col-19\"><a href=\"https:\/\/float-med.com\/fr\/speaker\/bruno-g-geschier\/\"><img loading=\"lazy\" decoding=\"async\" src=\"\/wp-content\/uploads\/2024\/10\/headshot-18.png\" alt=\"Bruno Geschier\" width=\"100\" height=\"100\" \/><\/a><\/td>\n<td class=\"col-19\"><a href=\"https:\/\/float-med.com\/fr\/speaker\/thomas-marty\/\"><img loading=\"lazy\" decoding=\"async\" src=\"\/wp-content\/uploads\/2024\/10\/headshot-19.png\" alt=\"Thomas Marty\" width=\"100\" height=\"100\" \/><\/a><\/td>\n<td class=\"col-19\"><a href=\"https:\/\/float-med.com\/fr\/speaker\/paolo-nicora\/\"><img loading=\"lazy\" decoding=\"async\" src=\"\/wp-content\/uploads\/2024\/10\/headshot-28.png\" alt=\"Paolo Nicora\" width=\"100\" height=\"100\" \/><\/a><\/td>\n<\/tr>\n<tr class=\"block-heading\">\n<td class=\"col-12\"><strong>14:00 - 15:30<\/strong><\/td>\n<td class=\"col-12\"><\/td>\n<td class=\"col-19\" colspan=\"4\"><strong>D\u00c9JEUNER<\/strong> (Jardin)<\/td>\n<\/tr>\n<tr class=\"block-heading\">\n<td class=\"col-12\"><strong>15:30 - 17:30<\/strong><\/td>\n<td class=\"col-12\"><\/td>\n<td class=\"col-19\" colspan=\"4\"><strong><em>Session IX.<\/em><\/strong> <strong>Connexion au r\u00e9seau, C\u00e2bles, Sous-station<\/strong><\/td>\n<\/tr>\n<tr class=\"table-heading\">\n<td class=\"col-12\"><\/td>\n<td class=\"col-12\"><strong>Mod\u00e9rateur<\/strong><\/td>\n<td class=\"col-19\"><strong>Sergi Ametller<\/strong><\/td>\n<td class=\"col-19\"><\/td>\n<td class=\"col-19\"><strong>Alessandro Miotti<\/strong><\/td>\n<td class=\"col-19\"><strong>Antonio Zingales<\/strong><\/td>\n<\/tr>\n<tr>\n<td class=\"col-12\"><\/td>\n<td class=\"col-12\"><\/td>\n<td class=\"col-19\"><a href=\"https:\/\/float-med.com\/fr\/speaker\/sergi-ametller\/\"><img loading=\"lazy\" decoding=\"async\" src=\"\/wp-content\/uploads\/2024\/10\/headshot-20.png\" alt=\"Sergi Ametller\" width=\"100\" height=\"100\" \/><\/a><\/td>\n<td class=\"col-19\"><a href=\"\/fr\/\"><img loading=\"lazy\" alt=\"\" width=\"100\" height=\"100\" \/><\/a><\/td>\n<td class=\"col-19\"><a href=\"https:\/\/float-med.com\/fr\/speaker\/alessandro-miotti\/\"><img loading=\"lazy\" decoding=\"async\" src=\"\/wp-content\/uploads\/2024\/10\/headshot-21.png\" alt=\"Alessandro Miotti\" width=\"100\" height=\"100\" \/><\/a><\/td>\n<td class=\"col-19\"><a href=\"https:\/\/float-med.com\/fr\/speaker\/antonio-zingales\/\"><img loading=\"lazy\" decoding=\"async\" src=\"\/wp-content\/uploads\/2024\/10\/headshot-22.png\" alt=\"Antonio Zingales\" width=\"100\" height=\"100\" \/><\/a><\/td>\n<\/tr>\n<tr class=\"block-heading\">\n<td class=\"col-12\"><strong>17:30<\/strong><\/td>\n<td class=\"col-12\"><\/td>\n<td class=\"col-19\" colspan=\"4\"><strong>Remarques finales<\/strong><\/td>\n<\/tr>\n<\/tbody>\n<\/table>\n<\/div>\t\t\t\t\t\t<\/div>\n\t\t\t\t<\/div>\n\t\t\t\t\t<\/div>\n\t\t<\/div>\n\t\t\t\t\t<\/div>\n\t\t<\/section>\n\t\t\t\t<\/div>","protected":false},"excerpt":{"rendered":"<p>Agenda Jour 1 - Lundi 21 octobre 2024 12:00 - 18:00 Enregistrement (\u00e0 l'ext\u00e9rieur de la Sala Europa) 14:00 - 15:30 Session I. Ambitions des pays m\u00e9diterran\u00e9ens - Keynote Status and Strategies toward Permitting Mod\u00e9rateur Erik Rijkers Davide Astiaso Garcia Saverio Ventrelli 15:30 - [...]<\/p>","protected":false},"author":1,"featured_media":0,"parent":0,"menu_order":27,"comment_status":"closed","ping_status":"closed","template":"","meta":{"_acf_changed":false,"footnotes":""},"class_list":["post-3013","page","type-page","status-publish","hentry"],"acf":[],"_links":{"self":[{"href":"https:\/\/float-med.com\/fr\/wp-json\/wp\/v2\/pages\/3013"}],"collection":[{"href":"https:\/\/float-med.com\/fr\/wp-json\/wp\/v2\/pages"}],"about":[{"href":"https:\/\/float-med.com\/fr\/wp-json\/wp\/v2\/types\/page"}],"author":[{"embeddable":true,"href":"https:\/\/float-med.com\/fr\/wp-json\/wp\/v2\/users\/1"}],"replies":[{"embeddable":true,"href":"https:\/\/float-med.com\/fr\/wp-json\/wp\/v2\/comments?post=3013"}],"version-history":[{"count":220,"href":"https:\/\/float-med.com\/fr\/wp-json\/wp\/v2\/pages\/3013\/revisions"}],"predecessor-version":[{"id":4984,"href":"https:\/\/float-med.com\/fr\/wp-json\/wp\/v2\/pages\/3013\/revisions\/4984"}],"wp:attachment":[{"href":"https:\/\/float-med.com\/fr\/wp-json\/wp\/v2\/media?parent=3013"}],"curies":[{"name":"wp","href":"https:\/\/api.w.org\/{rel}","templated":true}]}}