{"id":3039,"date":"2024-04-04T14:43:34","date_gmt":"2024-04-04T17:43:34","guid":{"rendered":"https:\/\/float-med.com\/?page_id=3039"},"modified":"2024-04-04T14:52:54","modified_gmt":"2024-04-04T17:52:54","slug":"terms-and-conditions","status":"publish","type":"page","link":"https:\/\/float-med.com\/fr\/conditions-generales\/","title":{"rendered":"Conditions g\u00e9n\u00e9rales d'utilisation"},"content":{"rendered":"<div data-elementor-type=\"wp-page\" data-elementor-id=\"3039\" class=\"elementor elementor-3039\" data-elementor-post-type=\"page\">\n\t\t\t\t\t\t<section class=\"elementor-section elementor-top-section elementor-element elementor-element-357503f elementor-section-stretched elementor-section-boxed elementor-section-height-default elementor-section-height-default\" data-id=\"357503f\" data-element_type=\"section\" data-settings=\"{&quot;stretch_section&quot;:&quot;section-stretched&quot;,&quot;background_background&quot;:&quot;classic&quot;,&quot;shape_divider_bottom&quot;:&quot;mountains&quot;,&quot;grandconference_ext_is_background_parallax&quot;:&quot;false&quot;,&quot;grandconference_ext_is_background_backdrop&quot;:&quot;false&quot;,&quot;grandconference_ext_is_background_on_scroll&quot;:&quot;false&quot;}\">\n\t\t\t\t\t<div class=\"elementor-shape elementor-shape-bottom\" data-negative=\"false\">\n\t\t\t<svg xmlns=\"http:\/\/www.w3.org\/2000\/svg\" viewbox=\"0 0 1000 100\" preserveaspectratio=\"none\">\n\t<path class=\"elementor-shape-fill\" opacity=\"0.33\" d=\"M473,67.3c-203.9,88.3-263.1-34-320.3,0C66,119.1,0,59.7,0,59.7V0h1000v59.7 c0,0-62.1,26.1-94.9,29.3c-32.8,3.3-62.8-12.3-75.8-22.1C806,49.6,745.3,8.7,694.9,4.7S492.4,59,473,67.3z\"\/>\n\t<path class=\"elementor-shape-fill\" opacity=\"0.66\" d=\"M734,67.3c-45.5,0-77.2-23.2-129.1-39.1c-28.6-8.7-150.3-10.1-254,39.1 s-91.7-34.4-149.2,0C115.7,118.3,0,39.8,0,39.8V0h1000v36.5c0,0-28.2-18.5-92.1-18.5C810.2,18.1,775.7,67.3,734,67.3z\"\/>\n\t<path class=\"elementor-shape-fill\" d=\"M766.1,28.9c-200-57.5-266,65.5-395.1,19.5C242,1.8,242,5.4,184.8,20.6C128,35.8,132.3,44.9,89.9,52.5C28.6,63.7,0,0,0,0 h1000c0,0-9.9,40.9-83.6,48.1S829.6,47,766.1,28.9z\"\/>\n<\/svg>\t\t<\/div>\n\t\t\t\t\t<div class=\"elementor-container elementor-column-gap-default\">\n\t\t\t\t\t<div class=\"elementor-column elementor-col-100 elementor-top-column elementor-element elementor-element-a86e80d\" data-id=\"a86e80d\" data-element_type=\"column\" data-settings=\"{&quot;grandconference_ext_link_sidemenu&quot;:&quot;false&quot;,&quot;grandconference_ext_link_fullmenu&quot;:&quot;false&quot;,&quot;grandconference_ext_link_closed_fullmenu&quot;:&quot;false&quot;,&quot;grandconference_ext_is_sticky&quot;:&quot;false&quot;,&quot;grandconference_ext_is_scrollme&quot;:&quot;false&quot;,&quot;grandconference_ext_is_smoove&quot;:&quot;false&quot;,&quot;grandconference_ext_is_parallax_mouse&quot;:&quot;false&quot;,&quot;grandconference_ext_is_infinite&quot;:&quot;false&quot;,&quot;grandconference_ext_is_fadeout_animation&quot;:&quot;false&quot;,&quot;grandconference_ext_mobile_static&quot;:&quot;false&quot;}\">\n\t\t\t<div class=\"elementor-widget-wrap elementor-element-populated\">\n\t\t\t\t\t\t<div class=\"elementor-element elementor-element-1e27eca elementor-widget elementor-widget-heading\" data-id=\"1e27eca\" data-element_type=\"widget\" data-settings=\"{&quot;grandconference_ext_link_sidemenu&quot;:&quot;false&quot;,&quot;grandconference_ext_link_fullmenu&quot;:&quot;false&quot;,&quot;grandconference_ext_link_closed_fullmenu&quot;:&quot;false&quot;,&quot;grandconference_ext_is_sticky&quot;:&quot;false&quot;,&quot;grandconference_ext_is_scrollme&quot;:&quot;false&quot;,&quot;grandconference_ext_is_smoove&quot;:&quot;false&quot;,&quot;grandconference_ext_is_parallax_mouse&quot;:&quot;false&quot;,&quot;grandconference_ext_is_infinite&quot;:&quot;false&quot;,&quot;grandconference_ext_is_fadeout_animation&quot;:&quot;false&quot;,&quot;grandconference_ext_mobile_static&quot;:&quot;false&quot;}\" data-widget_type=\"heading.default\">\n\t\t\t\t<div class=\"elementor-widget-container\">\n\t\t\t<h1 class=\"elementor-heading-title elementor-size-default\">Conditions g\u00e9n\u00e9rales d'utilisation<\/h1>\t\t<\/div>\n\t\t\t\t<\/div>\n\t\t\t\t\t<\/div>\n\t\t<\/div>\n\t\t\t\t\t<\/div>\n\t\t<\/section>\n\t\t\t\t<section class=\"elementor-section elementor-top-section elementor-element elementor-element-577d976 elementor-section-boxed elementor-section-height-default elementor-section-height-default\" data-id=\"577d976\" data-element_type=\"section\" data-settings=\"{&quot;grandconference_ext_is_background_parallax&quot;:&quot;false&quot;,&quot;grandconference_ext_is_background_backdrop&quot;:&quot;false&quot;,&quot;grandconference_ext_is_background_on_scroll&quot;:&quot;false&quot;}\">\n\t\t\t\t\t\t<div class=\"elementor-container elementor-column-gap-default\">\n\t\t\t\t\t<div class=\"elementor-column elementor-col-100 elementor-top-column elementor-element elementor-element-73d6657\" data-id=\"73d6657\" data-element_type=\"column\" data-settings=\"{&quot;grandconference_ext_link_sidemenu&quot;:&quot;false&quot;,&quot;grandconference_ext_link_fullmenu&quot;:&quot;false&quot;,&quot;grandconference_ext_link_closed_fullmenu&quot;:&quot;false&quot;,&quot;grandconference_ext_is_sticky&quot;:&quot;false&quot;,&quot;grandconference_ext_is_scrollme&quot;:&quot;false&quot;,&quot;grandconference_ext_is_smoove&quot;:&quot;false&quot;,&quot;grandconference_ext_is_parallax_mouse&quot;:&quot;false&quot;,&quot;grandconference_ext_is_infinite&quot;:&quot;false&quot;,&quot;grandconference_ext_is_fadeout_animation&quot;:&quot;false&quot;,&quot;grandconference_ext_mobile_static&quot;:&quot;false&quot;}\">\n\t\t\t<div class=\"elementor-widget-wrap elementor-element-populated\">\n\t\t\t\t\t\t<div class=\"elementor-element elementor-element-feee7a2 elementor-widget elementor-widget-text-editor\" data-id=\"feee7a2\" data-element_type=\"widget\" data-settings=\"{&quot;grandconference_ext_link_sidemenu&quot;:&quot;false&quot;,&quot;grandconference_ext_link_fullmenu&quot;:&quot;false&quot;,&quot;grandconference_ext_link_closed_fullmenu&quot;:&quot;false&quot;,&quot;grandconference_ext_is_sticky&quot;:&quot;false&quot;,&quot;grandconference_ext_is_scrollme&quot;:&quot;false&quot;,&quot;grandconference_ext_is_smoove&quot;:&quot;false&quot;,&quot;grandconference_ext_is_parallax_mouse&quot;:&quot;false&quot;,&quot;grandconference_ext_is_infinite&quot;:&quot;false&quot;,&quot;grandconference_ext_is_fadeout_animation&quot;:&quot;false&quot;,&quot;grandconference_ext_mobile_static&quot;:&quot;false&quot;}\" data-widget_type=\"text-editor.default\">\n\t\t\t\t<div class=\"elementor-widget-container\">\n\t\t\t\t\t\t\tCes conditions s'appliquent \u00e0 l'inscription \u00e0 l'\u00e9v\u00e9nement organis\u00e9 par Waterford Energy Services Inc. (WESI) - FLOATMED 2024 du 20 au 22 octobre \u00e0 Bari.\n\nEn vous inscrivant \u00e0 FLOATMED 2024, vous-m\u00eame ou au nom d'une autre personne, vous acceptez les conditions g\u00e9n\u00e9rales suivantes :  \n\n<ol>\n<li><h4>Paiement<\/h4><\/li>\n<p>Le paiement de l'inscription \u00e0 l'\u00e9v\u00e9nement doit \u00eatre effectu\u00e9 en totalit\u00e9 au moment de l'inscription. Aucun remboursement ne sera effectu\u00e9 pour quelque raison que ce soit. Les inscriptions se font \u00e0 vos risques et p\u00e9rils et nous ne pouvons \u00eatre tenus responsables des inscriptions effectu\u00e9es par erreur. Cette responsabilit\u00e9 incombe \u00e0 votre organisation ou \u00e0 vous-m\u00eame si vous vous inscrivez en tant que particulier. En outre, WESI ne remboursera pas les frais d'inscription ni aucun autre co\u00fbt si vous vous inscrivez par erreur et que vous n'annulez pas votre inscription avec un pr\u00e9avis suffisant.<\/p>\n\n<li><h4>\u00c2ge minimum<\/h4><\/li>\n<p>L'inscription et\/ou l'admission \u00e0 FLOATMED 2024 sera limit\u00e9e uniquement aux participants \u00e2g\u00e9s de 18 ans ou plus, en raison des r\u00e9glementations et l\u00e9gislations en vigueur en mati\u00e8re de sant\u00e9 et de s\u00e9curit\u00e9. Toute inscription d'une personne \u00e2g\u00e9e de moins de 18 ans est non autoris\u00e9e et constitue une violation des pr\u00e9sentes conditions g\u00e9n\u00e9rales et entra\u00eenera automatiquement l'annulation de l'inscription.  Vous acceptez par la pr\u00e9sente qu'une pi\u00e8ce d'identit\u00e9 soit fournie sur demande.  En vous inscrivant \u00e0 l'\u00e9v\u00e9nement, vous d\u00e9clarez et garantissez que vous avez 18 ans ou plus, et que vous acceptez et respectez toutes les conditions g\u00e9n\u00e9rales.<\/p>\n\n<li><h4>Annulation de l'abonnement<\/h4>\n<p>L'abonnement \u00e0 l'\u00e9v\u00e9nement peut \u00eatre annul\u00e9 \u00e0 tout moment par l'une ou l'autre des parties, moyennant un pr\u00e9avis \u00e9crit. Toutefois, aucun remboursement ne sera effectu\u00e9 pour les sessions d'\u00e9v\u00e9nements restantes.<\/p>\n\n<li><h4>Pr\u00e9sence<\/h4><\/li>\n<p>L'abonn\u00e9 est tenu d'assister \u00e0 toutes les sessions incluses dans l'abonnement \u00e0 l'\u00e9v\u00e9nement. Les sessions manqu\u00e9es ne seront ni reprogramm\u00e9es ni rembours\u00e9es.<\/p>\n\n<li><h4>Transf\u00e9rabilit\u00e9<\/h4><\/li>\n<p>L'abonnement \u00e0 l'\u00e9v\u00e9nement n'est pas transf\u00e9rable et ne peut \u00eatre partag\u00e9 avec d'autres personnes.<\/p>\n\n<li><h4>Changements<\/h4><\/li>\n<p>L'organisateur de l'\u00e9v\u00e9nement s'efforcera toujours de r\u00e9aliser l'\u00e9v\u00e9nement le plus fid\u00e8lement possible au programme, mais des changements peuvent survenir. L'organisateur de l'\u00e9v\u00e9nement se r\u00e9serve le droit de modifier le programme, le contenu ou les intervenants de l'\u00e9v\u00e9nement sans pr\u00e9avis.<\/p>\n\n<li><h4>Annulation de l'\u00e9v\u00e9nement<\/h4><\/li>\n<p>WESI peut annuler l'\u00e9v\u00e9nement en cas de force majeure, d'inscriptions insuffisantes, etc. En cas d'annulation d'un \u00e9v\u00e9nement, Floatmed en informera les participants sans d\u00e9lai, dans la mesure du possible. Si l'\u00e9v\u00e9nement est annul\u00e9, la totalit\u00e9 des frais d'inscription sera rembours\u00e9e. Les participants n'ont pas droit \u00e0 une compensation pour les pertes financi\u00e8res ou non financi\u00e8res au-del\u00e0 de ce montant.<\/p>\n\n<li><h4>Code de conduite<\/h4><\/li>\n<p>Les abonn\u00e9s sont tenus de se comporter de mani\u00e8re professionnelle et respectueuse pendant toutes les sessions de l'\u00e9v\u00e9nement.<\/p>\n\n<li><h4>Responsabilit\u00e9<\/h4><\/li>\n<p>L'organisateur de l'\u00e9v\u00e9nement n'est pas responsable des blessures, pertes ou dommages subis par l'abonn\u00e9 pendant l'\u00e9v\u00e9nement.<\/p>\n\n<li><h4>Propri\u00e9t\u00e9 intellectuelle<\/h4><\/li>\n<p>Tout le contenu pr\u00e9sent\u00e9 lors des sessions de l'\u00e9v\u00e9nement est la propri\u00e9t\u00e9 intellectuelle de l'organisateur de l'\u00e9v\u00e9nement et ne peut \u00eatre reproduit ou distribu\u00e9 sans autorisation.<\/p>\n\n<li><h4>Photographies et m\u00e9dias<\/h4><\/li>\n<p>Des photos peuvent \u00eatre prises des participants \u00e0 Floatmed. Ces images peuvent \u00eatre utilis\u00e9es dans les publications de WESI, sur son site web ou dans d'autres m\u00e9dias li\u00e9s \u00e0 nos activit\u00e9s. Si vous souhaitez ne pas \u00eatre photographi\u00e9, vous devez nous en informer lors de votre inscription ou avant le d\u00e9but de l'\u00e9v\u00e9nement.<\/p>\n\n<li><h4>Protection des donn\u00e9es<\/h4><\/li>\n<p>En vous inscrivant \u00e0 cet \u00e9v\u00e9nement, vous (l'inscrit) acceptez que vos donn\u00e9es personnelles soient trait\u00e9es par WESI (6940 Mumford Rd Suite 504, Halifax, NS, B3L0B7) \u00e0 des fins d'inscription et de gestion, ainsi que pour vous envoyer des informations en rapport avec tous les \u00e9v\u00e9nements FloatMed. Toutes les donn\u00e9es personnelles seront trait\u00e9es conform\u00e9ment \u00e0 notre <a href=\"https:\/\/float-med.com\/fr\/politique-de-confidentialite\/\">\"Politique en mati\u00e8re de protection de la vie priv\u00e9e et de cookies<\/a>. Si vous ne fournissez pas les donn\u00e9es indiqu\u00e9es comme \"obligatoires\", nous ne pourrons pas compl\u00e9ter votre inscription.<\/p>\n\n<li><h4>Droit applicable<\/h4><\/li>\n<p>Les pr\u00e9sentes conditions sont r\u00e9gies par les lois canadiennes et tout litige sera r\u00e9gl\u00e9 conform\u00e9ment \u00e0 ces lois.<\/p>\n<\/ol>\t\t\t\t\t\t<\/div>\n\t\t\t\t<\/div>\n\t\t\t\t\t<\/div>\n\t\t<\/div>\n\t\t\t\t\t<\/div>\n\t\t<\/section>\n\t\t\t\t<\/div>","protected":false},"excerpt":{"rendered":"<p>Conditions g\u00e9n\u00e9rales Ces conditions g\u00e9n\u00e9rales s'appliquent \u00e0 l'inscription \u00e0 l'\u00e9v\u00e9nement organis\u00e9 par Waterford Energy Services Inc. (WESI) - FLOATMED 2024 du 20 au 22 octobre \u00e0 Bari. En vous inscrivant \u00e0 FLOATMED 2024 vous-m\u00eame ou sur [...]<\/p>","protected":false},"author":1,"featured_media":0,"parent":0,"menu_order":27,"comment_status":"closed","ping_status":"closed","template":"","meta":{"_acf_changed":false,"footnotes":""},"class_list":["post-3039","page","type-page","status-publish","hentry"],"acf":[],"_links":{"self":[{"href":"https:\/\/float-med.com\/fr\/wp-json\/wp\/v2\/pages\/3039"}],"collection":[{"href":"https:\/\/float-med.com\/fr\/wp-json\/wp\/v2\/pages"}],"about":[{"href":"https:\/\/float-med.com\/fr\/wp-json\/wp\/v2\/types\/page"}],"author":[{"embeddable":true,"href":"https:\/\/float-med.com\/fr\/wp-json\/wp\/v2\/users\/1"}],"replies":[{"embeddable":true,"href":"https:\/\/float-med.com\/fr\/wp-json\/wp\/v2\/comments?post=3039"}],"version-history":[{"count":7,"href":"https:\/\/float-med.com\/fr\/wp-json\/wp\/v2\/pages\/3039\/revisions"}],"predecessor-version":[{"id":3072,"href":"https:\/\/float-med.com\/fr\/wp-json\/wp\/v2\/pages\/3039\/revisions\/3072"}],"wp:attachment":[{"href":"https:\/\/float-med.com\/fr\/wp-json\/wp\/v2\/media?parent=3039"}],"curies":[{"name":"wp","href":"https:\/\/api.w.org\/{rel}","templated":true}]}}