{"id":3066,"date":"2024-04-04T14:48:32","date_gmt":"2024-04-04T17:48:32","guid":{"rendered":"https:\/\/float-med.com\/?page_id=3066"},"modified":"2024-04-04T15:17:01","modified_gmt":"2024-04-04T18:17:01","slug":"cookies-policy","status":"publish","type":"page","link":"https:\/\/float-med.com\/fr\/politique-en-matiere-de-cookies\/","title":{"rendered":"Politique en mati\u00e8re de cookies"},"content":{"rendered":"<div data-elementor-type=\"wp-page\" data-elementor-id=\"3066\" class=\"elementor elementor-3066\" data-elementor-post-type=\"page\">\n\t\t\t\t\t\t<section class=\"elementor-section elementor-top-section elementor-element elementor-element-357503f elementor-section-stretched elementor-section-boxed elementor-section-height-default elementor-section-height-default\" data-id=\"357503f\" data-element_type=\"section\" data-settings=\"{&quot;stretch_section&quot;:&quot;section-stretched&quot;,&quot;background_background&quot;:&quot;classic&quot;,&quot;shape_divider_bottom&quot;:&quot;mountains&quot;,&quot;grandconference_ext_is_background_parallax&quot;:&quot;false&quot;,&quot;grandconference_ext_is_background_backdrop&quot;:&quot;false&quot;,&quot;grandconference_ext_is_background_on_scroll&quot;:&quot;false&quot;}\">\n\t\t\t\t\t<div class=\"elementor-shape elementor-shape-bottom\" data-negative=\"false\">\n\t\t\t<svg xmlns=\"http:\/\/www.w3.org\/2000\/svg\" viewbox=\"0 0 1000 100\" preserveaspectratio=\"none\">\n\t<path class=\"elementor-shape-fill\" opacity=\"0.33\" d=\"M473,67.3c-203.9,88.3-263.1-34-320.3,0C66,119.1,0,59.7,0,59.7V0h1000v59.7 c0,0-62.1,26.1-94.9,29.3c-32.8,3.3-62.8-12.3-75.8-22.1C806,49.6,745.3,8.7,694.9,4.7S492.4,59,473,67.3z\"\/>\n\t<path class=\"elementor-shape-fill\" opacity=\"0.66\" d=\"M734,67.3c-45.5,0-77.2-23.2-129.1-39.1c-28.6-8.7-150.3-10.1-254,39.1 s-91.7-34.4-149.2,0C115.7,118.3,0,39.8,0,39.8V0h1000v36.5c0,0-28.2-18.5-92.1-18.5C810.2,18.1,775.7,67.3,734,67.3z\"\/>\n\t<path class=\"elementor-shape-fill\" d=\"M766.1,28.9c-200-57.5-266,65.5-395.1,19.5C242,1.8,242,5.4,184.8,20.6C128,35.8,132.3,44.9,89.9,52.5C28.6,63.7,0,0,0,0 h1000c0,0-9.9,40.9-83.6,48.1S829.6,47,766.1,28.9z\"\/>\n<\/svg>\t\t<\/div>\n\t\t\t\t\t<div class=\"elementor-container elementor-column-gap-default\">\n\t\t\t\t\t<div class=\"elementor-column elementor-col-100 elementor-top-column elementor-element elementor-element-a86e80d\" data-id=\"a86e80d\" data-element_type=\"column\" data-settings=\"{&quot;grandconference_ext_link_sidemenu&quot;:&quot;false&quot;,&quot;grandconference_ext_link_fullmenu&quot;:&quot;false&quot;,&quot;grandconference_ext_link_closed_fullmenu&quot;:&quot;false&quot;,&quot;grandconference_ext_is_sticky&quot;:&quot;false&quot;,&quot;grandconference_ext_is_scrollme&quot;:&quot;false&quot;,&quot;grandconference_ext_is_smoove&quot;:&quot;false&quot;,&quot;grandconference_ext_is_parallax_mouse&quot;:&quot;false&quot;,&quot;grandconference_ext_is_infinite&quot;:&quot;false&quot;,&quot;grandconference_ext_is_fadeout_animation&quot;:&quot;false&quot;,&quot;grandconference_ext_mobile_static&quot;:&quot;false&quot;}\">\n\t\t\t<div class=\"elementor-widget-wrap elementor-element-populated\">\n\t\t\t\t\t\t<div class=\"elementor-element elementor-element-1e27eca elementor-widget elementor-widget-heading\" data-id=\"1e27eca\" data-element_type=\"widget\" data-settings=\"{&quot;grandconference_ext_link_sidemenu&quot;:&quot;false&quot;,&quot;grandconference_ext_link_fullmenu&quot;:&quot;false&quot;,&quot;grandconference_ext_link_closed_fullmenu&quot;:&quot;false&quot;,&quot;grandconference_ext_is_sticky&quot;:&quot;false&quot;,&quot;grandconference_ext_is_scrollme&quot;:&quot;false&quot;,&quot;grandconference_ext_is_smoove&quot;:&quot;false&quot;,&quot;grandconference_ext_is_parallax_mouse&quot;:&quot;false&quot;,&quot;grandconference_ext_is_infinite&quot;:&quot;false&quot;,&quot;grandconference_ext_is_fadeout_animation&quot;:&quot;false&quot;,&quot;grandconference_ext_mobile_static&quot;:&quot;false&quot;}\" data-widget_type=\"heading.default\">\n\t\t\t\t<div class=\"elementor-widget-container\">\n\t\t\t<h1 class=\"elementor-heading-title elementor-size-default\">Politique en mati\u00e8re de cookies<\/h1>\t\t<\/div>\n\t\t\t\t<\/div>\n\t\t\t\t\t<\/div>\n\t\t<\/div>\n\t\t\t\t\t<\/div>\n\t\t<\/section>\n\t\t\t\t<section class=\"elementor-section elementor-top-section elementor-element elementor-element-577d976 elementor-section-boxed elementor-section-height-default elementor-section-height-default\" data-id=\"577d976\" data-element_type=\"section\" data-settings=\"{&quot;grandconference_ext_is_background_parallax&quot;:&quot;false&quot;,&quot;grandconference_ext_is_background_backdrop&quot;:&quot;false&quot;,&quot;grandconference_ext_is_background_on_scroll&quot;:&quot;false&quot;}\">\n\t\t\t\t\t\t<div class=\"elementor-container elementor-column-gap-default\">\n\t\t\t\t\t<div class=\"elementor-column elementor-col-100 elementor-top-column elementor-element elementor-element-73d6657\" data-id=\"73d6657\" data-element_type=\"column\" data-settings=\"{&quot;grandconference_ext_link_sidemenu&quot;:&quot;false&quot;,&quot;grandconference_ext_link_fullmenu&quot;:&quot;false&quot;,&quot;grandconference_ext_link_closed_fullmenu&quot;:&quot;false&quot;,&quot;grandconference_ext_is_sticky&quot;:&quot;false&quot;,&quot;grandconference_ext_is_scrollme&quot;:&quot;false&quot;,&quot;grandconference_ext_is_smoove&quot;:&quot;false&quot;,&quot;grandconference_ext_is_parallax_mouse&quot;:&quot;false&quot;,&quot;grandconference_ext_is_infinite&quot;:&quot;false&quot;,&quot;grandconference_ext_is_fadeout_animation&quot;:&quot;false&quot;,&quot;grandconference_ext_mobile_static&quot;:&quot;false&quot;}\">\n\t\t\t<div class=\"elementor-widget-wrap elementor-element-populated\">\n\t\t\t\t\t\t<div class=\"elementor-element elementor-element-3ef2280 elementor-widget elementor-widget-text-editor\" data-id=\"3ef2280\" data-element_type=\"widget\" data-settings=\"{&quot;grandconference_ext_link_sidemenu&quot;:&quot;false&quot;,&quot;grandconference_ext_link_fullmenu&quot;:&quot;false&quot;,&quot;grandconference_ext_link_closed_fullmenu&quot;:&quot;false&quot;,&quot;grandconference_ext_is_sticky&quot;:&quot;false&quot;,&quot;grandconference_ext_is_scrollme&quot;:&quot;false&quot;,&quot;grandconference_ext_is_smoove&quot;:&quot;false&quot;,&quot;grandconference_ext_is_parallax_mouse&quot;:&quot;false&quot;,&quot;grandconference_ext_is_infinite&quot;:&quot;false&quot;,&quot;grandconference_ext_is_fadeout_animation&quot;:&quot;false&quot;,&quot;grandconference_ext_mobile_static&quot;:&quot;false&quot;}\" data-widget_type=\"text-editor.default\">\n\t\t\t\t<div class=\"elementor-widget-container\">\n\t\t\t\t\t\t\t<h4>Politique en mati\u00e8re de cookies<\/h4>\n<p>Vous devez savoir que lorsque vous utilisez nos sites web et nos apps, nous pouvons collecter des informations \u00e0 l'aide de cookies ou de technologies similaires. Lorsque vous visitez nos pages sur des m\u00e9dias sociaux ou d'autres sites web, le site de m\u00e9dias sociaux ou l'autre site web peut \u00e9galement utiliser des cookies conform\u00e9ment \u00e0 leurs propres politiques en mati\u00e8re de cookies.<\/p>\n<h4>Qu'est-ce qu'un cookie et comment fonctionne-t-il ?<\/h4>\n<p>Les cookies sont de petits fichiers qui sont t\u00e9l\u00e9charg\u00e9s sur votre ordinateur ou votre appareil mobile lorsque vous visitez un site web. Votre navigateur renvoie ces cookies au site web chaque fois que vous le visitez \u00e0 nouveau, afin qu'il puisse vous reconna\u00eetre. Cela permet aux sites web d'adapter ce que vous voyez \u00e0 l'\u00e9cran.<\/p>\n<h4>Utilisez-vous d'autres technologies similaires aux cookies ?<\/h4>\n<p>Nos sites web, nos applications et nos courriels contiennent souvent de petites images invisibles appel\u00e9es \"balises web\" ou \"pixels de suivi\". Celles-ci sont utilis\u00e9es d'une mani\u00e8re similaire aux cookies, pour comprendre quand une partie particuli\u00e8re d'une page web, d'un e-mail ou d'une application est consult\u00e9e. Nos applications utilisent souvent des identificateurs d'appareil de la m\u00eame mani\u00e8re que les cookies utilis\u00e9s par les navigateurs web. Un identifiant d'appareil est un num\u00e9ro unique sur votre appareil qui nous permet de nous souvenir de votre appareil. Nous utilisons ces technologies similaires sur les sites web, les courriels et les applications, aux m\u00eames fins et de la m\u00eame mani\u00e8re que nous utilisons les cookies sur les sites web. Nous utiliserons ci-apr\u00e8s les termes \"cookies\" et \"sites web\" pour d\u00e9signer les \"cookies et technologies similaires\" sur les \"sites web, courriels et applications\".<\/p>\n<h4>\u00c0 quoi servent les cookies ?<\/h4>\n<p>Les cookies sont un \u00e9l\u00e9ment important de l'internet. Ils rendent l'utilisation des sites web beaucoup plus ais\u00e9e et affectent de nombreuses fonctions utiles des sites web. Les utilisations des cookies sont nombreuses et vari\u00e9es, mais elles se r\u00e9partissent en quatre groupes principaux :<br \/>\n<ol>\n\t<li>\n\t\t<h5>Cookies n\u00e9cessaires pour fournir le service que vous avez demand\u00e9<\/h5>\n\t<p>Certains cookies sont essentiels pour vous permettre de naviguer sur nos sites web et d'utiliser leurs fonctionnalit\u00e9s. Sans ces cookies, les services que vous avez demand\u00e9s ne peuvent pas \u00eatre fournis. Ces cookies ne recueillent pas d'informations vous concernant qui pourraient \u00eatre utilis\u00e9es \u00e0 des fins de marketing ou pour m\u00e9moriser votre historique de navigation. En voici quelques exemples :<br \/>\n\t<ul>\n\t\t<li>vous permettre de rester connect\u00e9 pendant votre visite ; sans cookies, vous pourriez avoir \u00e0 vous connecter sur chaque page que vous visitez<\/li>\n\t\t<li>Lorsque vous ajoutez un article au panier d'achat en ligne, les cookies s'assurent qu'il s'y trouve toujours lorsque vous passez \u00e0 la caisse.<\/li>\n   \t<\/ul>\n\t<\/p>\n\t<\/li>\n\t<li>\n\t\t<h5>Cookies utilis\u00e9s pour am\u00e9liorer votre exp\u00e9rience de navigation<\/h5>\n\t\t<p>Ces cookies permettent \u00e0 nos sites web de se souvenir des choix que vous faites, tels que votre langue ou votre r\u00e9gion, et offrent des fonctionnalit\u00e9s am\u00e9lior\u00e9es. Ils permettent \u00e9galement d'am\u00e9liorer les fonctionnalit\u00e9s. Par exemple :<br \/>\n\t\t<ul>\n\t\t\t<li>M\u00e9morisation de vos pr\u00e9f\u00e9rences et de vos param\u00e8tres, y compris vos pr\u00e9f\u00e9rences en mati\u00e8re de marketing<\/li>\n\t\t\t<li>Se souvenir si vous avez r\u00e9pondu \u00e0 une enqu\u00eate, afin que l'on ne vous demande pas de le faire \u00e0 nouveau.<\/li>\n\t\t\t<li>Vous montrer des informations pertinentes sur les produits que vous poss\u00e9dez<\/li>\n\t\t\t<li>Affichage de liens vers des \"contenus connexes\" en rapport avec la page consult\u00e9e<\/li>\n\t\t\t<li>Se souvenir d'un lieu que vous nous avez indiqu\u00e9 pour vous proposer un contenu personnalis\u00e9<\/li>\n\t\t\t<li>l'\u00e9tablissement d'un lien entre votre historique de navigation recueilli par les cookies analytiques et vos donn\u00e9es d'enregistrement, afin de vous recommander des contenus et des actions de marketing.<\/li>\n\t\t\t<li>Limiter le nombre de fois qu'une publicit\u00e9 particuli\u00e8re vous est montr\u00e9e. C'est ce qu'on appelle parfois le \"plafonnement de la fr\u00e9quence<\/li>\n\t   <\/ul><br \/>\n\t   Des cookies sont \u00e9galement utilis\u00e9s pour activer les \u00e9l\u00e9ments de m\u00e9dias sociaux sur nos sites web, y compris le contenu int\u00e9gr\u00e9 de sites de m\u00e9dias sociaux tels que LinkedIn ou YouTube, les boutons de partage et les vid\u00e9os. Les cookies sont d\u00e9finis par le fournisseur de m\u00e9dias sociaux concern\u00e9. Pour plus d'informations sur ces cookies, y compris sur la mani\u00e8re de d\u00e9finir vos pr\u00e9f\u00e9rences pour ces cookies, veuillez vous r\u00e9f\u00e9rer au site web du fournisseur de m\u00e9dias sociaux concern\u00e9 pour plus d'informations.<\/p>\n\t<\/li>\n\t<li>\n\t\t<h5>Cookies utilis\u00e9s pour comprendre comment les gens utilisent nos produits et services (Analytics)<\/h5>\n\t\t<p>Nous aimons savoir quels sont les pages, les liens et les sections de nos applications qui sont les plus populaires et ceux qui sont les moins utilis\u00e9s, afin de nous aider \u00e0 maintenir nos sites pertinents et \u00e0 les actualiser. Il est \u00e9galement utile de pouvoir identifier les tendances en mati\u00e8re de navigation sur nos sites et de savoir si les internautes re\u00e7oivent des \"messages d'erreur\" sur les pages web. Nous pouvons utiliser des outils d'analyse qui permettent de savoir comment nos lecteurs interagissent avec le contenu de nos pages et avec les activit\u00e9s de clic\/touche, de mouvement, de d\u00e9filement et de frappe.<br \/>Nous utilisons des cookies, souvent appel\u00e9s \"cookies analytiques\", pour recueillir ces informations. Ces cookies ne stockent pas vos coordonn\u00e9es (telles que votre nom, votre adresse et votre adresse \u00e9lectronique). Nous pouvons toutefois combiner les informations collect\u00e9es par les cookies analytiques avec d'autres informations que vous nous fournissez. Par exemple, si vous avez ouvert un compte chez nous, nous pouvons combiner vos coordonn\u00e9es et d'autres informations que vous nous fournissez avec l'historique de navigation de votre appareil collect\u00e9 par les cookies analytiques (y compris les donn\u00e9es collect\u00e9es avant votre inscription et lorsque vous \u00eates d\u00e9connect\u00e9). Nous utilisons ces informations pour vous fournir des recommandations de contenu et des communications marketing personnalis\u00e9es. Nous pouvons \u00e9galement utiliser ces informations combin\u00e9es pour am\u00e9liorer nos produits et services. Par exemple, nous pouvons analyser ces informations dans leur ensemble pour am\u00e9liorer nos syst\u00e8mes publicitaires.<\/p>\n\t<\/li>\n\t<li>\n\t\t<h5>Cookies utilis\u00e9s pour afficher des publicit\u00e9s pertinentes pour vous<\/h5>\n\t\t<p>Certaines publicit\u00e9s, connues sous le nom de \"publicit\u00e9 comportementale en ligne\" ou \"OBA\", sont adapt\u00e9es \u00e0 vos besoins et utilisent des informations collect\u00e9es par des cookies de premi\u00e8re et de tierce parties. Veuillez consulter notre <a href=\"https:\/\/float-med.com\/fr\/politique-de-confidentialite\/\">Politique de confidentialit\u00e9<\/a> ci-dessus pour de plus amples informations sur la mani\u00e8re dont nous utilisons la publicit\u00e9 comportementale en ligne.<br \/>Nous utilisons \u00e9galement des cookies pour savoir combien de publicit\u00e9s nous diffusons, combien de fois elles sont cliqu\u00e9es ou survol\u00e9es par le curseur de la souris, combien de publicit\u00e9s nous montrons \u00e0 un utilisateur donn\u00e9 et combien d'actions du client elles g\u00e9n\u00e8rent.<br \/>Pour prot\u00e9ger les marques de nos annonceurs, nous utilisons souvent une technologie qui analyse la page pour s'assurer qu'elle ne contient pas de sujets profanes, sensibles et potentiellement n\u00e9gatifs pour la marque, avant d'y diffuser une publicit\u00e9. Ce processus est appel\u00e9 \"v\u00e9rification des publicit\u00e9s\".<br \/>Nos annonceurs et nous-m\u00eames pouvons utiliser des informations provenant de nos pages web pour d\u00e9terminer si vous avez activ\u00e9 un bloqueur de publicit\u00e9. Ces informations peuvent \u00eatre stock\u00e9es ou associ\u00e9es \u00e0 votre appareil (y compris par l'utilisation de cookies) afin de r\u00e9ins\u00e9rer des publicit\u00e9s sur nos sites web et de comprendre comment nos clients utilisent les bloqueurs de publicit\u00e9. Les publicit\u00e9s qui sont r\u00e9ins\u00e9r\u00e9es peuvent inclure celles qui figurent sur les \"listes blanches\" des bloqueurs de publicit\u00e9 ou qui font la promotion de nos propres produits et services.<br \/>Nos sites web ne r\u00e9pondent pas aux param\u00e8tres de navigation \"Do Not Track\" (DNT).<\/p>\n\t<\/li>\n<\/ol>\n<\/p>\n<h4>Vos choix en mati\u00e8re de cookies<\/h4>\n<p>Veuillez noter que nos sites web, apps et autres produits et services peuvent ne pas fonctionner correctement (ou pas du tout) si vous modifiez vos pr\u00e9f\u00e9rences. Par exemple, il se peut que vous ne puissiez pas acheter de produits sur nos sites web. Cependant, il se peut que vous puissiez toujours passer une commande via notre ligne de commande t\u00e9l\u00e9phonique. Veuillez consulter nos sites web pour plus de d\u00e9tails.<br \/>Vous pouvez g\u00e9n\u00e9ralement emp\u00eacher le fonctionnement des pixels invisibles en modifiant les param\u00e8tres des cookies de votre navigateur web et vos choix en mati\u00e8re de publicit\u00e9 ou, pour les pixels invisibles contenus dans les courriels, en d\u00e9sactivant les images dans votre client de messagerie ou en visualisant les courriels en utilisant uniquement l'affichage \"texte\" (plut\u00f4t que l'affichage \"HTML\"). Consultez la section \"Aide\" de votre client de messagerie pour obtenir des instructions. Lorsque vous utilisez nos applications, des technologies similaires aux cookies sont utilis\u00e9es \u00e0 des fins d'analyse. Il n'est actuellement pas possible de se d\u00e9sengager de ces technologies similaires. Si vous n'acceptez pas d'\u00eatre inclus dans nos analyses, veuillez ne pas utiliser nos applications.<\/p>\n<h4>Vos choix publicitaires<\/h4>\n<p>Lorsque vous utilisez un appareil mobile, vous pouvez refuser de recevoir de la publicit\u00e9 comportementale en ligne en s\u00e9lectionnant \"Limiter le suivi des publicit\u00e9s\" dans les param\u00e8tres de votre Apple iPhone ou iPad, ou \"Refuser les publicit\u00e9s bas\u00e9es sur les centres d'int\u00e9r\u00eat\" dans les param\u00e8tres de votre appareil Android. Vous pouvez \u00e9galement r\u00e9initialiser votre identifiant unique utilis\u00e9 pour la publicit\u00e9 comportementale en ligne (appel\u00e9 \"ID publicitaire\") dans les param\u00e8tres de votre appareil Apple ou Android.<br \/>Veuillez noter que vous continuerez \u00e0 recevoir de la publicit\u00e9, mais qu'elle ne sera peut-\u00eatre pas adapt\u00e9e \u00e0 vos int\u00e9r\u00eats probables gr\u00e2ce aux informations collect\u00e9es \u00e0 l'aide de cookies et de technologies similaires sur votre appareil.<br \/>Vous pouvez modifier vos pr\u00e9f\u00e9rences en mati\u00e8re de publicit\u00e9 dans les m\u00e9dias sociaux sur le site des m\u00e9dias sociaux.<\/p>\n<h4>Nous contacter et acc\u00e9der \u00e0 vos donn\u00e9es personnelles<\/h4>\n<p>Si vous avez des questions ou des commentaires sur cette politique de confidentialit\u00e9 et de cookies, veuillez nous contacter \u00e0 l'adresse suivante <a href=\"mailto:info@float-med.com\">info@float-med.com<\/a><br \/>\nSi vous souhaitez consulter ou recevoir une copie des informations personnelles que nous d\u00e9tenons \u00e0 votre sujet, ou obtenir de plus amples informations sur la mani\u00e8re dont nous traitons vos informations, veuillez nous \u00e9crire \u00e0 l'adresse suivante<br \/>\nContr\u00f4leur des donn\u00e9es<br \/>\n6940 Mumford Rd Suite 504, Halifax, NS, B3L0B7 - Canada<br \/>\nCourriel : <a href=\"mailto:info@float-med.com\">info@float-med.com<\/a><br \/>\nLorsque la loi l'autorise, nous pouvons facturer des frais administratifs minimes (n'exc\u00e9dant pas le maximum autoris\u00e9) pour r\u00e9pondre \u00e0 une demande d'acc\u00e8s \u00e0 des informations personnelles.<\/p>\n<h4>Plaintes<\/h4>\n<p>Si vous pensez que nous avons enfreint une loi sur la protection de la vie priv\u00e9e, veuillez envoyer un courriel \u00e0 l'adresse suivante <a href=\"mailto:info@float-med.com\">info@float-med.com<\/a>. Nous nous effor\u00e7ons de r\u00e9pondre dans un d\u00e9lai raisonnable (normalement 30 jours). Notre d\u00e9l\u00e9gu\u00e9 \u00e0 la protection des donn\u00e9es g\u00e9rera votre plainte et vous donnera des informations suppl\u00e9mentaires sur la mani\u00e8re dont elle sera trait\u00e9e.<\/p>\n<h4>Modifications de la pr\u00e9sente politique en mati\u00e8re de confidentialit\u00e9 et de cookies<\/h4>\n<p>Nous nous r\u00e9servons le droit de modifier \u00e0 tout moment notre politique en mati\u00e8re de confidentialit\u00e9 et de cookies. Lorsque des modifications sont apport\u00e9es, nous publierons la politique r\u00e9vis\u00e9e ici avec une date d'entr\u00e9e en vigueur mise \u00e0 jour. Votre utilisation continue de nos sites web, applications ou autres produits ou services signifiera que vous acceptez ces changements.<\/p>\t\t\t\t\t\t<\/div>\n\t\t\t\t<\/div>\n\t\t\t\t\t<\/div>\n\t\t<\/div>\n\t\t\t\t\t<\/div>\n\t\t<\/section>\n\t\t\t\t<\/div>","protected":false},"excerpt":{"rendered":"<p>Politique en mati\u00e8re de cookies Politique en mati\u00e8re de cookies Vous devez savoir que lorsque vous utilisez nos sites web et nos apps, nous pouvons collecter des informations \u00e0 l'aide de cookies ou de technologies similaires. Lorsque vous visitez nos pages sur des m\u00e9dias sociaux ou d'autres sites web, le site de m\u00e9dias sociaux [...]<\/p>","protected":false},"author":1,"featured_media":0,"parent":0,"menu_order":27,"comment_status":"closed","ping_status":"closed","template":"","meta":{"_acf_changed":false,"footnotes":""},"class_list":["post-3066","page","type-page","status-publish","hentry"],"acf":[],"_links":{"self":[{"href":"https:\/\/float-med.com\/fr\/wp-json\/wp\/v2\/pages\/3066"}],"collection":[{"href":"https:\/\/float-med.com\/fr\/wp-json\/wp\/v2\/pages"}],"about":[{"href":"https:\/\/float-med.com\/fr\/wp-json\/wp\/v2\/types\/page"}],"author":[{"embeddable":true,"href":"https:\/\/float-med.com\/fr\/wp-json\/wp\/v2\/users\/1"}],"replies":[{"embeddable":true,"href":"https:\/\/float-med.com\/fr\/wp-json\/wp\/v2\/comments?post=3066"}],"version-history":[{"count":7,"href":"https:\/\/float-med.com\/fr\/wp-json\/wp\/v2\/pages\/3066\/revisions"}],"predecessor-version":[{"id":3086,"href":"https:\/\/float-med.com\/fr\/wp-json\/wp\/v2\/pages\/3066\/revisions\/3086"}],"wp:attachment":[{"href":"https:\/\/float-med.com\/fr\/wp-json\/wp\/v2\/media?parent=3066"}],"curies":[{"name":"wp","href":"https:\/\/api.w.org\/{rel}","templated":true}]}}