{"id":4236,"date":"2024-07-04T15:17:12","date_gmt":"2024-07-04T18:17:12","guid":{"rendered":"https:\/\/float-med.com\/?page_id=4236"},"modified":"2024-07-12T09:33:50","modified_gmt":"2024-07-12T12:33:50","slug":"speakers","status":"publish","type":"page","link":"https:\/\/float-med.com\/fr\/intervenants\/","title":{"rendered":"Haut-parleurs"},"content":{"rendered":"<div data-elementor-type=\"wp-page\" data-elementor-id=\"4236\" class=\"elementor elementor-4236\" data-elementor-post-type=\"page\">\n\t\t\t\t\t\t<section class=\"elementor-section elementor-top-section elementor-element elementor-element-357503f elementor-section-stretched elementor-section-boxed elementor-section-height-default elementor-section-height-default\" data-id=\"357503f\" data-element_type=\"section\" data-settings=\"{&quot;stretch_section&quot;:&quot;section-stretched&quot;,&quot;background_background&quot;:&quot;classic&quot;,&quot;shape_divider_bottom&quot;:&quot;waves&quot;,&quot;shape_divider_bottom_negative&quot;:&quot;yes&quot;,&quot;grandconference_ext_is_background_parallax&quot;:&quot;false&quot;,&quot;grandconference_ext_is_background_backdrop&quot;:&quot;false&quot;,&quot;grandconference_ext_is_background_on_scroll&quot;:&quot;false&quot;}\">\n\t\t\t\t\t<div class=\"elementor-shape elementor-shape-bottom\" data-negative=\"true\">\n\t\t\t<svg xmlns=\"http:\/\/www.w3.org\/2000\/svg\" viewbox=\"0 0 1000 100\" preserveaspectratio=\"none\">\n\t<path class=\"elementor-shape-fill\" d=\"M790.5,93.1c-59.3-5.3-116.8-18-192.6-50c-29.6-12.7-76.9-31-100.5-35.9c-23.6-4.9-52.6-7.8-75.5-5.3\tc-10.2,1.1-22.6,1.4-50.1,7.4c-27.2,6.3-58.2,16.6-79.4,24.7c-41.3,15.9-94.9,21.9-134,22.6C72,58.2,0,25.8,0,25.8V100h1000V65.3\tc0,0-51.5,19.4-106.2,25.7C839.5,97,814.1,95.2,790.5,93.1z\"\/>\n<\/svg>\t\t<\/div>\n\t\t\t\t\t<div class=\"elementor-container elementor-column-gap-default\">\n\t\t\t\t\t<div class=\"elementor-column elementor-col-100 elementor-top-column elementor-element elementor-element-a86e80d\" data-id=\"a86e80d\" data-element_type=\"column\" data-settings=\"{&quot;grandconference_ext_link_sidemenu&quot;:&quot;false&quot;,&quot;grandconference_ext_link_fullmenu&quot;:&quot;false&quot;,&quot;grandconference_ext_link_closed_fullmenu&quot;:&quot;false&quot;,&quot;grandconference_ext_is_sticky&quot;:&quot;false&quot;,&quot;grandconference_ext_is_scrollme&quot;:&quot;false&quot;,&quot;grandconference_ext_is_smoove&quot;:&quot;false&quot;,&quot;grandconference_ext_is_parallax_mouse&quot;:&quot;false&quot;,&quot;grandconference_ext_is_infinite&quot;:&quot;false&quot;,&quot;grandconference_ext_is_fadeout_animation&quot;:&quot;false&quot;,&quot;grandconference_ext_mobile_static&quot;:&quot;false&quot;}\">\n\t\t\t<div class=\"elementor-widget-wrap elementor-element-populated\">\n\t\t\t\t\t\t<div class=\"elementor-element elementor-element-1e27eca elementor-widget elementor-widget-heading\" data-id=\"1e27eca\" data-element_type=\"widget\" data-settings=\"{&quot;grandconference_ext_link_sidemenu&quot;:&quot;false&quot;,&quot;grandconference_ext_link_fullmenu&quot;:&quot;false&quot;,&quot;grandconference_ext_link_closed_fullmenu&quot;:&quot;false&quot;,&quot;grandconference_ext_is_sticky&quot;:&quot;false&quot;,&quot;grandconference_ext_is_scrollme&quot;:&quot;false&quot;,&quot;grandconference_ext_is_smoove&quot;:&quot;false&quot;,&quot;grandconference_ext_is_parallax_mouse&quot;:&quot;false&quot;,&quot;grandconference_ext_is_infinite&quot;:&quot;false&quot;,&quot;grandconference_ext_is_fadeout_animation&quot;:&quot;false&quot;,&quot;grandconference_ext_mobile_static&quot;:&quot;false&quot;}\" data-widget_type=\"heading.default\">\n\t\t\t\t<div class=\"elementor-widget-container\">\n\t\t\t<h1 class=\"elementor-heading-title elementor-size-default\">Rencontrez nos<\/h1>\t\t<\/div>\n\t\t\t\t<\/div>\n\t\t\t\t<div class=\"elementor-element elementor-element-3bef6be elementor-widget elementor-widget-heading\" data-id=\"3bef6be\" data-element_type=\"widget\" data-settings=\"{&quot;grandconference_ext_link_sidemenu&quot;:&quot;false&quot;,&quot;grandconference_ext_link_fullmenu&quot;:&quot;false&quot;,&quot;grandconference_ext_link_closed_fullmenu&quot;:&quot;false&quot;,&quot;grandconference_ext_is_sticky&quot;:&quot;false&quot;,&quot;grandconference_ext_is_scrollme&quot;:&quot;false&quot;,&quot;grandconference_ext_is_smoove&quot;:&quot;false&quot;,&quot;grandconference_ext_is_parallax_mouse&quot;:&quot;false&quot;,&quot;grandconference_ext_is_infinite&quot;:&quot;false&quot;,&quot;grandconference_ext_is_fadeout_animation&quot;:&quot;false&quot;,&quot;grandconference_ext_mobile_static&quot;:&quot;false&quot;}\" data-widget_type=\"heading.default\">\n\t\t\t\t<div class=\"elementor-widget-container\">\n\t\t\t<h1 class=\"elementor-heading-title elementor-size-default\">Haut-parleurs<\/h1>\t\t<\/div>\n\t\t\t\t<\/div>\n\t\t\t\t\t<\/div>\n\t\t<\/div>\n\t\t\t\t\t<\/div>\n\t\t<\/section>\n\t\t\t\t<section class=\"elementor-section elementor-top-section elementor-element elementor-element-8f0f2fb elementor-section-full_width elementor-section-stretched elementor-section-height-default elementor-section-height-default\" data-id=\"8f0f2fb\" data-element_type=\"section\" data-settings=\"{&quot;stretch_section&quot;:&quot;section-stretched&quot;,&quot;grandconference_ext_is_background_parallax&quot;:&quot;false&quot;,&quot;grandconference_ext_is_background_backdrop&quot;:&quot;false&quot;,&quot;grandconference_ext_is_background_on_scroll&quot;:&quot;false&quot;}\">\n\t\t\t\t\t\t<div class=\"elementor-container elementor-column-gap-default\">\n\t\t\t\t\t<div class=\"elementor-column elementor-col-100 elementor-top-column elementor-element elementor-element-f93eaab\" data-id=\"f93eaab\" data-element_type=\"column\" data-settings=\"{&quot;grandconference_ext_link_sidemenu&quot;:&quot;false&quot;,&quot;grandconference_ext_link_fullmenu&quot;:&quot;false&quot;,&quot;grandconference_ext_link_closed_fullmenu&quot;:&quot;false&quot;,&quot;grandconference_ext_is_sticky&quot;:&quot;false&quot;,&quot;grandconference_ext_is_scrollme&quot;:&quot;false&quot;,&quot;grandconference_ext_is_smoove&quot;:&quot;false&quot;,&quot;grandconference_ext_is_parallax_mouse&quot;:&quot;false&quot;,&quot;grandconference_ext_is_infinite&quot;:&quot;false&quot;,&quot;grandconference_ext_is_fadeout_animation&quot;:&quot;false&quot;,&quot;grandconference_ext_mobile_static&quot;:&quot;false&quot;}\">\n\t\t\t<div class=\"elementor-widget-wrap elementor-element-populated\">\n\t\t\t\t\t\t<div class=\"elementor-element elementor-element-b70bbb8 elementor-widget elementor-widget-grandconference-classic-speaker-grid\" data-id=\"b70bbb8\" data-element_type=\"widget\" data-settings=\"{&quot;grandconference_ext_link_sidemenu&quot;:&quot;false&quot;,&quot;grandconference_ext_link_fullmenu&quot;:&quot;false&quot;,&quot;grandconference_ext_link_closed_fullmenu&quot;:&quot;false&quot;,&quot;grandconference_ext_is_sticky&quot;:&quot;false&quot;,&quot;grandconference_ext_is_scrollme&quot;:&quot;false&quot;,&quot;grandconference_ext_is_parallax_mouse&quot;:&quot;false&quot;,&quot;grandconference_ext_is_infinite&quot;:&quot;false&quot;,&quot;grandconference_ext_is_fadeout_animation&quot;:&quot;false&quot;,&quot;grandconference_ext_mobile_static&quot;:&quot;false&quot;}\" data-widget_type=\"grandconference-classic-speaker-grid.default\">\n\t\t\t\t<div class=\"elementor-widget-container\">\n\t\t\t<div class=\"speaker-grid-wrapper\">\n<div  class=\"ppb_speaker_grid one nopadding\" ><div class=\"page_content_wrapper page_main_content sidebar_content full_width fixed_column\"><div id=\"17759537671023006689\" data-columns=\"4\"><div class=\"element grid one_fourth_bg\"><a class=\"speaker_grid_link\" href=\"https:\/\/float-med.com\/fr\/speaker\/sergio-camporeale\/\"><img decoding=\"async\" src=\"https:\/\/float-med.com\/wp-content\/uploads\/2024\/10\/headshot-24-500x500.png\" alt=\"Sergio Camporeale\" class=\"bw\"\/><div class=\"speaker_info_wrapper\"><h4>Sergio Camporeale<\/h4><div class=\"speaker_desc\">Professeur titulaire de syst\u00e8mes \u00e9nerg\u00e9tiques et de machines \u00e0 fluides<\/div><\/div><\/a><\/div><div class=\"element grid one_fourth_bg\"><a class=\"speaker_grid_link\" href=\"https:\/\/float-med.com\/fr\/speaker\/thomas-marty\/\"><img decoding=\"async\" src=\"https:\/\/float-med.com\/wp-content\/uploads\/2024\/10\/headshot-19-500x500.png\" alt=\"Thomas Marty\" class=\"bw\"\/><div class=\"speaker_info_wrapper\"><h4>Thomas Marty<\/h4><div class=\"speaker_desc\">Responsable du d\u00e9veloppement commercial - Europe du Sud<\/div><\/div><\/a><\/div><div class=\"element grid one_fourth_bg\"><a class=\"speaker_grid_link\" href=\"https:\/\/float-med.com\/fr\/speaker\/joshua-hudson\/\"><img decoding=\"async\" src=\"https:\/\/float-med.com\/wp-content\/uploads\/2024\/10\/headshot-15-500x500.png\" alt=\"Joshua Hudson\" class=\"bw\"\/><div class=\"speaker_info_wrapper\"><h4>Joshua Hudson<\/h4><div class=\"speaker_desc\">Ing\u00e9nieur \u00e9lectricien en \u00e9nergies renouvelables <\/div><\/div><\/a><\/div><div class=\"element grid one_fourth_bg\"><a class=\"speaker_grid_link\" href=\"https:\/\/float-med.com\/fr\/speaker\/knut-hoiland\/\"><img decoding=\"async\" src=\"https:\/\/float-med.com\/wp-content\/uploads\/2024\/10\/headshot-6-500x500.png\" alt=\"Knut H\u00f8iland\" class=\"bw\"\/><div class=\"speaker_info_wrapper\"><h4>Knut H\u00f8iland<\/h4><div class=\"speaker_desc\">Pr\u00e9sident du conseil d'administration<\/div><\/div><\/a><\/div><br class=\"clear\"\/><div class=\"element grid one_fourth_bg\"><a class=\"speaker_grid_link\" href=\"https:\/\/float-med.com\/fr\/speaker\/davide-astiaso-garcia\/\"><img decoding=\"async\" src=\"https:\/\/float-med.com\/wp-content\/uploads\/2024\/10\/headshot-3-500x500.png\" alt=\"Davide Astiaso Garcia\" class=\"bw\"\/><div class=\"speaker_info_wrapper\"><h4>Davide Astiaso Garcia<\/h4><div class=\"speaker_desc\">Secr\u00e9taire g\u00e9n\u00e9ral de l'Association italienne de l'\u00e9nergie \u00e9olienne (ANEV), professeur de syst\u00e8mes \u00e9nerg\u00e9tiques \u00e0 l'universit\u00e9 Sapienza de Rome<\/div><\/div><\/a><\/div><div class=\"element grid one_fourth_bg\"><a class=\"speaker_grid_link\" href=\"https:\/\/float-med.com\/fr\/speaker\/erik-rijkers\/\"><img decoding=\"async\" src=\"https:\/\/float-med.com\/wp-content\/uploads\/2024\/10\/headshot-1-500x500.png\" alt=\"Erik Rijkers\" class=\"bw\"\/><div class=\"speaker_info_wrapper\"><h4>Erik Rijkers<\/h4><div class=\"speaker_desc\">Directeur - D\u00e9veloppement du march\u00e9 et strat\u00e9gie<\/div><\/div><\/a><\/div><div class=\"element grid one_fourth_bg\"><a class=\"speaker_grid_link\" href=\"https:\/\/float-med.com\/fr\/speaker\/jack-phillips\/\"><img decoding=\"async\" src=\"https:\/\/float-med.com\/wp-content\/uploads\/2024\/10\/headshot-8-500x500.png\" alt=\"Jack Phillips\" class=\"bw\"\/><div class=\"speaker_info_wrapper\"><h4>Jack Phillips<\/h4><div class=\"speaker_desc\">Responsable du d\u00e9veloppement commercial - Eolien flottant - Europe et Am\u00e9riques<\/div><\/div><\/a><\/div><div class=\"element grid one_fourth_bg\"><a class=\"speaker_grid_link\" href=\"https:\/\/float-med.com\/fr\/speaker\/francesco-cupertino\/\"><img decoding=\"async\" src=\"https:\/\/float-med.com\/wp-content\/uploads\/2024\/10\/headshot-11-500x500.png\" alt=\"Francesco Cupertino\" class=\"bw\"\/><div class=\"speaker_info_wrapper\"><h4>Francesco Cupertino<\/h4><div class=\"speaker_desc\">Recteur de l'\u00c9cole polytechnique de Bari<\/div><\/div><\/a><\/div><br class=\"clear\"\/><div class=\"element grid one_fourth_bg\"><a class=\"speaker_grid_link\" href=\"https:\/\/float-med.com\/fr\/speaker\/alberto-pena-sicilia\/\"><img decoding=\"async\" src=\"https:\/\/float-med.com\/wp-content\/uploads\/2024\/10\/headshot-7-500x500.png\" alt=\"Alberto Pe\u00f1a Sicilia\" class=\"bw\"\/><div class=\"speaker_info_wrapper\"><h4>Alberto Pe\u00f1a Sicilia<\/h4><div class=\"speaker_desc\">Chef du d\u00e9veloppement des affaires pour l'Europe<\/div><\/div><\/a><\/div><div class=\"element grid one_fourth_bg\"><a class=\"speaker_grid_link\" href=\"https:\/\/float-med.com\/fr\/speaker\/fabio-trincardi\/\"><img decoding=\"async\" src=\"https:\/\/float-med.com\/wp-content\/uploads\/2024\/10\/headshot-13-500x500.png\" alt=\"Fabio Trincardi\" class=\"bw\"\/><div class=\"speaker_info_wrapper\"><h4>Fabio Trincardi<\/h4><div class=\"speaker_desc\">Conseiller technique<\/div><\/div><\/a><\/div><div class=\"element grid one_fourth_bg\"><a class=\"speaker_grid_link\" href=\"https:\/\/float-med.com\/fr\/speaker\/michele-scoppio\/\"><img decoding=\"async\" src=\"https:\/\/float-med.com\/wp-content\/uploads\/2024\/10\/headshot-4-500x500.png\" alt=\"Michele Scoppio\" class=\"bw\"\/><div class=\"speaker_info_wrapper\"><h4>Michele Scoppio<\/h4><div class=\"speaker_desc\">PDG<\/div><\/div><\/a><\/div><div class=\"element grid one_fourth_bg\"><a class=\"speaker_grid_link\" href=\"https:\/\/float-med.com\/fr\/speaker\/sergi-ametller\/\"><img decoding=\"async\" src=\"https:\/\/float-med.com\/wp-content\/uploads\/2024\/10\/headshot-20-500x500.png\" alt=\"Sergi Ametller\" class=\"bw\"\/><div class=\"speaker_info_wrapper\"><h4>Sergi Ametller<\/h4><div class=\"speaker_desc\">Directeur de l'\u00e9nergie \u00e9olienne offshore<\/div><\/div><\/a><\/div><br class=\"clear\"\/><div class=\"element grid one_fourth_bg\"><a class=\"speaker_grid_link\" href=\"https:\/\/float-med.com\/fr\/speaker\/alessandro-viviani\/\"><img decoding=\"async\" src=\"https:\/\/float-med.com\/wp-content\/uploads\/2024\/10\/headshot-14-500x500.png\" alt=\"Alessandro Viviani\" class=\"bw\"\/><div class=\"speaker_info_wrapper\"><h4>Alessandro Viviani<\/h4><div class=\"speaker_desc\">Partenaire associ\u00e9 et responsable de la pratique des technologies vertes, The European House - Ambrosett<\/div><\/div><\/a><\/div><div class=\"element grid one_fourth_bg\"><a class=\"speaker_grid_link\" href=\"https:\/\/float-med.com\/fr\/speaker\/immanuel-capano\/\"><img decoding=\"async\" src=\"https:\/\/float-med.com\/wp-content\/uploads\/2024\/10\/headshot-5-500x500.png\" alt=\"Immanuel Capano\" class=\"bw\"\/><div class=\"speaker_info_wrapper\"><h4>Immanuel Capano<\/h4><div class=\"speaker_desc\">Directeur commercial<\/div><\/div><\/a><\/div><div class=\"element grid one_fourth_bg\"><a class=\"speaker_grid_link\" href=\"https:\/\/float-med.com\/fr\/speaker\/frank-emil-moen\/\"><img decoding=\"async\" src=\"https:\/\/float-med.com\/wp-content\/uploads\/2024\/10\/headshot-10-500x500.png\" alt=\"Frank Emil Moen\" class=\"bw\"\/><div class=\"speaker_info_wrapper\"><h4>Frank Emil Moen<\/h4><div class=\"speaker_desc\">Directeur g\u00e9n\u00e9ral \/ Associ\u00e9 g\u00e9rant<\/div><\/div><\/a><\/div><\/div><\/div><\/div><\/div>\n<br class=\"clear\"\/>\t\t<\/div>\n\t\t\t\t<\/div>\n\t\t\t\t\t<\/div>\n\t\t<\/div>\n\t\t\t\t\t<\/div>\n\t\t<\/section>\n\t\t\t\t<\/div>","protected":false},"excerpt":{"rendered":"<p>Rencontrez nos intervenants Eugenio Tranchino Directeur de Watson Farley &amp; Williams Italie Frank Emil Moen CEO \/ Managing Partner of Energy Innovation Immanuel Capano Chief Commercial Officer of Saitec Alessandro Viviani Associate Partner and Head of Green Technologies Practice at [...]<\/p>","protected":false},"author":1,"featured_media":0,"parent":0,"menu_order":27,"comment_status":"closed","ping_status":"closed","template":"","meta":{"_acf_changed":false,"footnotes":""},"class_list":["post-4236","page","type-page","status-publish","hentry"],"acf":[],"_links":{"self":[{"href":"https:\/\/float-med.com\/fr\/wp-json\/wp\/v2\/pages\/4236"}],"collection":[{"href":"https:\/\/float-med.com\/fr\/wp-json\/wp\/v2\/pages"}],"about":[{"href":"https:\/\/float-med.com\/fr\/wp-json\/wp\/v2\/types\/page"}],"author":[{"embeddable":true,"href":"https:\/\/float-med.com\/fr\/wp-json\/wp\/v2\/users\/1"}],"replies":[{"embeddable":true,"href":"https:\/\/float-med.com\/fr\/wp-json\/wp\/v2\/comments?post=4236"}],"version-history":[{"count":13,"href":"https:\/\/float-med.com\/fr\/wp-json\/wp\/v2\/pages\/4236\/revisions"}],"predecessor-version":[{"id":4418,"href":"https:\/\/float-med.com\/fr\/wp-json\/wp\/v2\/pages\/4236\/revisions\/4418"}],"wp:attachment":[{"href":"https:\/\/float-med.com\/fr\/wp-json\/wp\/v2\/media?parent=4236"}],"curies":[{"name":"wp","href":"https:\/\/api.w.org\/{rel}","templated":true}]}}