{"id":4299,"date":"2024-07-09T12:06:04","date_gmt":"2024-07-09T15:06:04","guid":{"rendered":"https:\/\/float-med.com\/?page_id=4299"},"modified":"2024-07-09T15:51:18","modified_gmt":"2024-07-09T18:51:18","slug":"seas-geosciences","status":"publish","type":"page","link":"https:\/\/float-med.com\/fr\/sponsors\/geosciences-de-la-mer\/","title":{"rendered":"SEAS G\u00e9osciences"},"content":{"rendered":"<figure class=\"wp-block-image size-full\"><img fetchpriority=\"high\" decoding=\"async\" width=\"587\" height=\"205\" src=\"https:\/\/float-med.com\/wp-content\/uploads\/2024\/07\/SeasGeosciences.png\" alt=\"\" class=\"wp-image-4257\"\/><\/figure><p>Seas Geosciences a \u00e9t\u00e9 cr\u00e9\u00e9e pour soutenir l'expansion de l'\u00e9nergie propre et la science du climat en int\u00e9grant des d\u00e9cennies d'expertise sp\u00e9cialis\u00e9e dans les technologies des fonds marins et les \u00e9tudes et analyses g\u00e9otechniques en mer, en particulier dans les environnements \u00e9loign\u00e9s et difficiles. Faisant partie de la famille d'entreprises Woocheen de l'Alaska Native Corporation Sealaska, Seas se concentre sur le d\u00e9ploiement de ses comp\u00e9tences et de ses technologies pour comprendre la nature et la m\u00e9canique du sol. Ses innovations et son exp\u00e9rience lui permettent de relever des d\u00e9fis uniques tels que les restrictions environnementales, la pr\u00e9servation de la vie marine, les bathym\u00e9tries et les sols difficiles et les eaux profondes. Pour en savoir plus <a href=\"http:\/\/www.SeasGeosciences.com\">www.SeasGeosciences.com<\/a>.<\/p>","protected":false},"excerpt":{"rendered":"<p>Seas Geosciences a \u00e9t\u00e9 cr\u00e9\u00e9e pour soutenir l'expansion de l'\u00e9nergie propre et la science du climat en int\u00e9grant des d\u00e9cennies d'expertise sp\u00e9cialis\u00e9e dans les technologies des fonds marins et les \u00e9tudes et analyses g\u00e9otechniques en mer, en particulier dans les environnements \u00e9loign\u00e9s et difficiles. Faisant partie de l'Alaska Native Corporation Sealaska, la famille Woocheen [...]<\/p>","protected":false},"author":1,"featured_media":0,"parent":3111,"menu_order":0,"comment_status":"closed","ping_status":"closed","template":"blog_gs.php","meta":{"_acf_changed":false,"footnotes":""},"class_list":["post-4299","page","type-page","status-publish","hentry"],"acf":[],"_links":{"self":[{"href":"https:\/\/float-med.com\/fr\/wp-json\/wp\/v2\/pages\/4299"}],"collection":[{"href":"https:\/\/float-med.com\/fr\/wp-json\/wp\/v2\/pages"}],"about":[{"href":"https:\/\/float-med.com\/fr\/wp-json\/wp\/v2\/types\/page"}],"author":[{"embeddable":true,"href":"https:\/\/float-med.com\/fr\/wp-json\/wp\/v2\/users\/1"}],"replies":[{"embeddable":true,"href":"https:\/\/float-med.com\/fr\/wp-json\/wp\/v2\/comments?post=4299"}],"version-history":[{"count":4,"href":"https:\/\/float-med.com\/fr\/wp-json\/wp\/v2\/pages\/4299\/revisions"}],"predecessor-version":[{"id":4317,"href":"https:\/\/float-med.com\/fr\/wp-json\/wp\/v2\/pages\/4299\/revisions\/4317"}],"up":[{"embeddable":true,"href":"https:\/\/float-med.com\/fr\/wp-json\/wp\/v2\/pages\/3111"}],"wp:attachment":[{"href":"https:\/\/float-med.com\/fr\/wp-json\/wp\/v2\/media?parent=4299"}],"curies":[{"name":"wp","href":"https:\/\/api.w.org\/{rel}","templated":true}]}}