{"id":4302,"date":"2024-07-09T12:09:58","date_gmt":"2024-07-09T15:09:58","guid":{"rendered":"https:\/\/float-med.com\/?page_id=4302"},"modified":"2024-07-09T13:04:36","modified_gmt":"2024-07-09T16:04:36","slug":"subcablenews","status":"publish","type":"page","link":"https:\/\/float-med.com\/fr\/sponsors\/subcablenews\/","title":{"rendered":"Nouvelles de SubCable"},"content":{"rendered":"<figure class=\"wp-block-image size-large\"><img fetchpriority=\"high\" decoding=\"async\" width=\"1024\" height=\"334\" src=\"https:\/\/float-med.com\/wp-content\/uploads\/2024\/07\/SCN-logo-1024x334.jpg\" alt=\"\" class=\"wp-image-4261\"\/><\/figure><p><a href=\"http:\/\/www.SubCableNews.com\">SubCableNews<\/a> est une lettre d'information unique pour l'ensemble de l'industrie impliqu\u00e9e dans le march\u00e9 des c\u00e2bles sous-marins, fournissant les faits les plus r\u00e9cents et des informations compl\u00e8tes sur les projets actuels et futurs et sur les entreprises de cette industrie.<\/p><p>Depuis plus de 20 ans, SubCableNews est la publication de nouvelles pour les transporteurs, les d\u00e9veloppeurs, les propri\u00e9taires de c\u00e2bles, les fabricants, les soci\u00e9t\u00e9s d'\u00e9tude et d'installation, les consultants et autres.<\/p><p><a href=\"http:\/\/www.SubCableNews.com\">www.SubCableNews.com<\/a> - Votre source d'information.<\/p>","protected":false},"excerpt":{"rendered":"<p>SubCableNews est une lettre d'information unique destin\u00e9e \u00e0 l'ensemble de l'industrie impliqu\u00e9e dans le march\u00e9 des c\u00e2bles sous-marins. Elle fournit les faits les plus r\u00e9cents et des informations compl\u00e8tes sur les projets actuels et futurs et sur les entreprises de cette industrie. Depuis plus de 20 ans, SubCableNews est la [...]<\/p>","protected":false},"author":1,"featured_media":0,"parent":3111,"menu_order":0,"comment_status":"closed","ping_status":"closed","template":"","meta":{"_acf_changed":false,"footnotes":""},"class_list":["post-4302","page","type-page","status-publish","hentry"],"acf":[],"_links":{"self":[{"href":"https:\/\/float-med.com\/fr\/wp-json\/wp\/v2\/pages\/4302"}],"collection":[{"href":"https:\/\/float-med.com\/fr\/wp-json\/wp\/v2\/pages"}],"about":[{"href":"https:\/\/float-med.com\/fr\/wp-json\/wp\/v2\/types\/page"}],"author":[{"embeddable":true,"href":"https:\/\/float-med.com\/fr\/wp-json\/wp\/v2\/users\/1"}],"replies":[{"embeddable":true,"href":"https:\/\/float-med.com\/fr\/wp-json\/wp\/v2\/comments?post=4302"}],"version-history":[{"count":4,"href":"https:\/\/float-med.com\/fr\/wp-json\/wp\/v2\/pages\/4302\/revisions"}],"predecessor-version":[{"id":4311,"href":"https:\/\/float-med.com\/fr\/wp-json\/wp\/v2\/pages\/4302\/revisions\/4311"}],"up":[{"embeddable":true,"href":"https:\/\/float-med.com\/fr\/wp-json\/wp\/v2\/pages\/3111"}],"wp:attachment":[{"href":"https:\/\/float-med.com\/fr\/wp-json\/wp\/v2\/media?parent=4302"}],"curies":[{"name":"wp","href":"https:\/\/api.w.org\/{rel}","templated":true}]}}