{"id":4563,"date":"2024-09-06T09:20:37","date_gmt":"2024-09-06T12:20:37","guid":{"rendered":"https:\/\/float-med.com\/?page_id=4563"},"modified":"2024-09-06T09:20:38","modified_gmt":"2024-09-06T12:20:38","slug":"anev-associazione-nazionale-energia-del-vento","status":"publish","type":"page","link":"https:\/\/float-med.com\/fr\/sponsors\/anev-associazione-nazionale-energia-del-vento\/","title":{"rendered":"ANEV - Associazione Nazionale Energia del Vento (Association nationale pour l'\u00e9nergie du vent)"},"content":{"rendered":"<div class=\"wp-block-image\"><figure class=\"aligncenter size-full\"><img fetchpriority=\"high\" decoding=\"async\" width=\"606\" height=\"210\" src=\"https:\/\/float-med.com\/wp-content\/uploads\/2024\/09\/logo-ANEV.png\" alt=\"\" class=\"wp-image-4550\"\/><\/figure><\/div><p>L'ANEV - Associazione Nazionale Energia del Vento (Association nationale de l'\u00e9nergie \u00e9olienne), cr\u00e9\u00e9e en juillet 2002, regroupe environ 120 entreprises repr\u00e9sentant le secteur national de l'\u00e9nergie \u00e9olienne en Italie et \u00e0 l'\u00e9tranger, notamment des producteurs et des op\u00e9rateurs d'\u00e9lectricit\u00e9 et de technologie, des concepteurs d'installations, des \u00e9tudes d'ing\u00e9nierie et d'environnement, des n\u00e9gociants en \u00e9lectricit\u00e9 et des promoteurs qui travaillent dans le respect des r\u00e8gles et des r\u00e8glements de l'Association.<\/p><p>ANEV est l'association italienne qui adh\u00e8re aux associations europ\u00e9ennes et mondiales correspondantes telles que Wind Europe, WWEA, GWEC.<\/p><p>L'association a notamment pour objectif de contribuer \u00e0 la promotion et \u00e0 l'utilisation de l'\u00e9nergie \u00e9olienne en mer et sur terre dans le cadre d'une relation \u00e9quilibr\u00e9e entre les \u00e9tablissements humains et la nature, ainsi que de promouvoir la recherche et le d\u00e9veloppement technologique en vue de l'utilisation des ressources \u00e9oliennes et de l'utilisation rationnelle de l'\u00e9nergie, et de diffuser des informations exactes fond\u00e9es sur des donn\u00e9es r\u00e9elles.<\/p><p>ANEV, avec Legambiente, Greenpeace et le Kyoto Club, a r\u00e9dig\u00e9 et sign\u00e9 un Manifeste pour le d\u00e9veloppement de l'\u00e9nergie \u00e9olienne offshore en Italie, dans le respect de la protection de l'environnement et du paysage, afin de garantir que l'\u00e9nergie \u00e9olienne pr\u00e9sente dans les mers italiennes puisse \u00eatre exploit\u00e9e au maximum, en contribuant \u00e0 la d\u00e9carbonisation de notre pays et \u00e0 son autosuffisance \u00e9nerg\u00e9tique, tout en sauvegardant les activit\u00e9s \u00e9conomiques et les \u00e9cosyst\u00e8mes marins.<\/p>","protected":false},"excerpt":{"rendered":"<p>L'ANEV - Associazione Nazionale Energia del Vento (Association nationale de l'\u00e9nergie \u00e9olienne), cr\u00e9\u00e9e en juillet 2002, regroupe environ 120 entreprises repr\u00e9sentant le secteur national de l'\u00e9nergie \u00e9olienne en Italie et \u00e0 l'\u00e9tranger, parmi lesquelles des producteurs et des op\u00e9rateurs d'\u00e9lectricit\u00e9 et de technologie, des installations [...]<\/p>","protected":false},"author":1,"featured_media":0,"parent":3111,"menu_order":0,"comment_status":"closed","ping_status":"closed","template":"","meta":{"_acf_changed":false,"footnotes":""},"class_list":["post-4563","page","type-page","status-publish","hentry"],"acf":[],"_links":{"self":[{"href":"https:\/\/float-med.com\/fr\/wp-json\/wp\/v2\/pages\/4563"}],"collection":[{"href":"https:\/\/float-med.com\/fr\/wp-json\/wp\/v2\/pages"}],"about":[{"href":"https:\/\/float-med.com\/fr\/wp-json\/wp\/v2\/types\/page"}],"author":[{"embeddable":true,"href":"https:\/\/float-med.com\/fr\/wp-json\/wp\/v2\/users\/1"}],"replies":[{"embeddable":true,"href":"https:\/\/float-med.com\/fr\/wp-json\/wp\/v2\/comments?post=4563"}],"version-history":[{"count":1,"href":"https:\/\/float-med.com\/fr\/wp-json\/wp\/v2\/pages\/4563\/revisions"}],"predecessor-version":[{"id":4564,"href":"https:\/\/float-med.com\/fr\/wp-json\/wp\/v2\/pages\/4563\/revisions\/4564"}],"up":[{"embeddable":true,"href":"https:\/\/float-med.com\/fr\/wp-json\/wp\/v2\/pages\/3111"}],"wp:attachment":[{"href":"https:\/\/float-med.com\/fr\/wp-json\/wp\/v2\/media?parent=4563"}],"curies":[{"name":"wp","href":"https:\/\/api.w.org\/{rel}","templated":true}]}}