{"id":1319,"date":"2021-12-21T08:25:07","date_gmt":"2021-12-21T08:25:07","guid":{"rendered":"https:\/\/grandconference.themegoods.com\/v5\/?post_type=product&#038;p=1319"},"modified":"2024-10-04T11:15:52","modified_gmt":"2024-10-04T14:15:52","slug":"full-conference-pass","status":"publish","type":"product","link":"https:\/\/float-med.com\/fr\/shop\/laissez-passer-complet-pour-la-conference\/","title":{"rendered":"Pass complet pour la conf\u00e9rence"},"content":{"rendered":"<ul>\n<li>Acc\u00e9der \u00e0 toutes les conf\u00e9rences<\/li>\n<li>Acc\u00e8s gratuit au d\u00eener \u00e0 plusieurs plats<\/li>\n<li>Acc\u00e8s gratuit aux pauses-caf\u00e9<\/li>\n<li>Acc\u00e8s gratuit aux petits d\u00e9jeuners<\/li>\n<li>Possibilit\u00e9s de mise en r\u00e9seau<\/li>\n<\/ul>","protected":false},"excerpt":{"rendered":"<p>Access All Keynotes Free access to Multi course Dinner Free access to Coffee Breaks Free access to Breakfasts Networking Opportunities<\/p>","protected":false},"author":1,"featured_media":3536,"template":"","meta":{"_acf_changed":false},"product_cat":[15],"product_tag":[],"class_list":{"0":"post-1319","1":"product","2":"type-product","3":"status-publish","4":"has-post-thumbnail","6":"product_cat-uncategorized","8":"first","9":"instock","10":"sale","11":"virtual","12":"taxable","13":"purchasable","14":"product-type-simple"},"acf":[],"_links":{"self":[{"href":"https:\/\/float-med.com\/fr\/wp-json\/wp\/v2\/product\/1319"}],"collection":[{"href":"https:\/\/float-med.com\/fr\/wp-json\/wp\/v2\/product"}],"about":[{"href":"https:\/\/float-med.com\/fr\/wp-json\/wp\/v2\/types\/product"}],"author":[{"embeddable":true,"href":"https:\/\/float-med.com\/fr\/wp-json\/wp\/v2\/users\/1"}],"wp:featuredmedia":[{"embeddable":true,"href":"https:\/\/float-med.com\/fr\/wp-json\/wp\/v2\/media\/3536"}],"wp:attachment":[{"href":"https:\/\/float-med.com\/fr\/wp-json\/wp\/v2\/media?parent=1319"}],"wp:term":[{"taxonomy":"product_cat","embeddable":true,"href":"https:\/\/float-med.com\/fr\/wp-json\/wp\/v2\/product_cat?post=1319"},{"taxonomy":"product_tag","embeddable":true,"href":"https:\/\/float-med.com\/fr\/wp-json\/wp\/v2\/product_tag?post=1319"}],"curies":[{"name":"wp","href":"https:\/\/api.w.org\/{rel}","templated":true}]}}